{"id":778,"date":"2019-05-07T16:34:28","date_gmt":"2019-05-07T13:34:28","guid":{"rendered":"https:\/\/cederstrom.kajahdus.fi\/tarjouspyynto\/"},"modified":"2019-09-24T10:34:30","modified_gmt":"2019-09-24T07:34:30","slug":"offertforfragan","status":"publish","type":"page","link":"https:\/\/cederstrom.fi\/sv\/offertforfragan\/","title":{"rendered":"Offertf\u00f6rfr\u00e5gan"},"content":{"rendered":"[vc_row type=&#8221;full_width_background&#8221; full_screen_row_position=&#8221;middle&#8221; bg_image=&#8221;621&#8243; bg_position=&#8221;right top&#8221; bg_repeat=&#8221;no-repeat&#8221; scene_position=&#8221;center&#8221; text_color=&#8221;dark&#8221; text_align=&#8221;center&#8221; top_padding=&#8221;10%&#8221; bottom_padding=&#8221;10%&#8221; enable_gradient=&#8221;true&#8221; color_overlay=&#8221;#000000&#8243; gradient_direction=&#8221;top_to_bottom&#8221; overlay_strength=&#8221;0.3&#8243; shape_divider_position=&#8221;bottom&#8221; bg_image_animation=&#8221;none&#8221; parallax_bg=&#8221;true&#8221; parallax_bg_speed=&#8221;fast&#8221; shape_type=&#8221;&#8221;][vc_column column_padding=&#8221;no-extra-padding&#8221; column_padding_position=&#8221;all&#8221; background_color_opacity=&#8221;1&#8243; background_hover_color_opacity=&#8221;1&#8243; column_link_target=&#8221;_self&#8221; column_shadow=&#8221;none&#8221; column_border_radius=&#8221;none&#8221; width=&#8221;1\/1&#8243; tablet_width_inherit=&#8221;default&#8221; tablet_text_alignment=&#8221;default&#8221; phone_text_alignment=&#8221;default&#8221; column_border_width=&#8221;none&#8221; column_border_style=&#8221;solid&#8221; bg_image_animation=&#8221;none&#8221;][vc_row_inner column_margin=&#8221;default&#8221; top_padding=&#8221;1%&#8221; text_align=&#8221;left&#8221;][vc_column_inner column_padding=&#8221;padding-5-percent&#8221; column_padding_position=&#8221;all&#8221; background_color=&#8221;#000000&#8243; background_color_opacity=&#8221;0.3&#8243; background_hover_color_opacity=&#8221;1&#8243; column_shadow=&#8221;none&#8221; column_border_radius=&#8221;none&#8221; column_link_target=&#8221;_self&#8221; width=&#8221;1\/1&#8243; tablet_width_inherit=&#8221;default&#8221; column_border_width=&#8221;none&#8221; column_border_style=&#8221;solid&#8221; bg_image_animation=&#8221;none&#8221;][vc_custom_heading text=&#8221;Offertf\u00f6rfr\u00e5gan&#8221; font_container=&#8221;tag:h1|text_align:center|color:%23ffffff&#8221; use_theme_fonts=&#8221;yes&#8221;][\/vc_column_inner][\/vc_row_inner][\/vc_column][\/vc_row][vc_row type=&#8221;in_container&#8221; full_screen_row_position=&#8221;middle&#8221; scene_position=&#8221;center&#8221; text_color=&#8221;dark&#8221; text_align=&#8221;left&#8221; bottom_padding=&#8221;2%&#8221; overlay_strength=&#8221;0.3&#8243; shape_divider_position=&#8221;bottom&#8221; bg_image_animation=&#8221;none&#8221; shape_type=&#8221;&#8221;][vc_column column_padding=&#8221;no-extra-padding&#8221; column_padding_position=&#8221;all&#8221; background_color_opacity=&#8221;1&#8243; background_hover_color_opacity=&#8221;1&#8243; column_link_target=&#8221;_self&#8221; column_shadow=&#8221;none&#8221; column_border_radius=&#8221;none&#8221; width=&#8221;1\/6&#8243; tablet_width_inherit=&#8221;default&#8221; tablet_text_alignment=&#8221;default&#8221; phone_text_alignment=&#8221;default&#8221; column_border_width=&#8221;none&#8221; column_border_style=&#8221;solid&#8221; bg_image_animation=&#8221;none&#8221;][\/vc_column][vc_column column_padding=&#8221;padding-5-percent&#8221; column_padding_position=&#8221;all&#8221; background_color=&#8221;#ffffff&#8221; background_color_opacity=&#8221;1&#8243; background_hover_color_opacity=&#8221;1&#8243; column_link_target=&#8221;_self&#8221; column_shadow=&#8221;small_depth&#8221; column_border_radius=&#8221;none&#8221; top_margin=&#8221;-6%&#8221; width=&#8221;2\/3&#8243; tablet_width_inherit=&#8221;default&#8221; tablet_text_alignment=&#8221;default&#8221; phone_text_alignment=&#8221;default&#8221; column_border_width=&#8221;none&#8221; column_border_style=&#8221;solid&#8221; bg_image_animation=&#8221;none&#8221;][vc_custom_heading text=&#8221;Offertf\u00f6rfr\u00e5gan&#8221; font_container=&#8221;tag:h2|text_align:left|color:%232baae2&#8243; use_theme_fonts=&#8221;yes&#8221;][divider line_type=&#8221;No Line&#8221; custom_height=&#8221;30&#8243;][vc_column_text]Offertf\u00f6rfr\u00e5gan l\u00e4tt och enkelt h\u00e4r! Fyll i uppgifterna och skicka!<\/p>\n<p>Vi svarar s\u00e5 snabbt som m\u00f6jligt. Vid br\u00e5dskande \u00e4renden, ring oss <a href=\"tel:+358405662220\">040 566 2220<\/a>[\/vc_column_text]<div class=\"wpforms-container wpforms-container-full\" id=\"wpforms-812\"><form id=\"wpforms-form-812\" class=\"wpforms-validate wpforms-form\" data-formid=\"812\" method=\"post\" enctype=\"multipart\/form-data\" action=\"\/sv\/wp-json\/wp\/v2\/pages\/778\" data-token=\"223d2bd9e78027681df4811c953295e2\" data-token-time=\"1775258037\"><noscript class=\"wpforms-error-noscript\">Aktivera JavaScript i din webbl\u00e4sare f\u00f6r att fylla i formul\u00e4ret.<\/noscript><div class=\"wpforms-field-container\"><div id=\"wpforms-812-field_11-container\" class=\"wpforms-field wpforms-field-checkbox\" data-field-id=\"11\"><label class=\"wpforms-field-label\">V\u00e4lj<\/label><ul id=\"wpforms-812-field_11\"><li class=\"choice-1 depth-1\"><input type=\"checkbox\" id=\"wpforms-812-field_11_1\" name=\"wpforms[fields][11][]\" value=\"Offertf\u00f6rfr\u00e5gan\"  ><label class=\"wpforms-field-label-inline\" for=\"wpforms-812-field_11_1\">Offertf\u00f6rfr\u00e5gan<\/label><\/li><li class=\"choice-2 depth-1\"><input type=\"checkbox\" id=\"wpforms-812-field_11_2\" name=\"wpforms[fields][11][]\" value=\"Avgiftsfri kartl\u00e4ggning\"  ><label class=\"wpforms-field-label-inline\" for=\"wpforms-812-field_11_2\">Avgiftsfri kartl\u00e4ggning<\/label><\/li><\/ul><div class=\"wpforms-field-description\">b\u00e5da kan v\u00e4ljas<\/div><\/div><div id=\"wpforms-812-field_0-container\" class=\"wpforms-field wpforms-field-name\" data-field-id=\"0\"><label class=\"wpforms-field-label wpforms-label-hide\" for=\"wpforms-812-field_0\">Namn <span class=\"wpforms-required-label\">*<\/span><\/label><input type=\"text\" id=\"wpforms-812-field_0\" class=\"wpforms-field-large wpforms-field-required\" name=\"wpforms[fields][0]\" placeholder=\"Namn\/F\u00f6retag *\" required><\/div><div id=\"wpforms-812-field_3-container\" class=\"wpforms-field wpforms-field-text\" data-field-id=\"3\"><label class=\"wpforms-field-label wpforms-label-hide\" for=\"wpforms-812-field_3\">Telefon<\/label><input type=\"text\" id=\"wpforms-812-field_3\" class=\"wpforms-field-large\" name=\"wpforms[fields][3]\" placeholder=\"Telefon\" ><\/div><div id=\"wpforms-812-field_1-container\" class=\"wpforms-field wpforms-field-email\" data-field-id=\"1\"><label class=\"wpforms-field-label wpforms-label-hide\" for=\"wpforms-812-field_1\">E-post <span class=\"wpforms-required-label\">*<\/span><\/label><input type=\"email\" id=\"wpforms-812-field_1\" class=\"wpforms-field-large wpforms-field-required\" name=\"wpforms[fields][1]\" placeholder=\"E-post *\" spellcheck=\"false\" required><\/div><div id=\"wpforms-812-field_5-container\" class=\"wpforms-field wpforms-field-text\" data-field-id=\"5\"><label class=\"wpforms-field-label wpforms-label-hide\" for=\"wpforms-812-field_5\">Adress<\/label><input type=\"text\" id=\"wpforms-812-field_5\" class=\"wpforms-field-medium\" name=\"wpforms[fields][5]\" placeholder=\"Adress\" ><\/div><div id=\"wpforms-812-field_6-container\" class=\"wpforms-field wpforms-field-text\" data-field-id=\"6\"><label class=\"wpforms-field-label wpforms-label-hide\" for=\"wpforms-812-field_6\">Objektets adress (om annan)<\/label><input type=\"text\" id=\"wpforms-812-field_6\" class=\"wpforms-field-medium\" name=\"wpforms[fields][6]\" placeholder=\"Objektets adress (om annan)\" ><\/div><div id=\"wpforms-812-field_7-container\" class=\"wpforms-field wpforms-field-radio\" data-field-id=\"7\"><label class=\"wpforms-field-label\">Objekt<\/label><ul id=\"wpforms-812-field_7\"><li class=\"choice-1 depth-1\"><input type=\"radio\" id=\"wpforms-812-field_7_1\" name=\"wpforms[fields][7]\" value=\"Nybygge\"  ><label class=\"wpforms-field-label-inline\" for=\"wpforms-812-field_7_1\">Nybygge<\/label><\/li><li class=\"choice-2 depth-1\"><input type=\"radio\" id=\"wpforms-812-field_7_2\" name=\"wpforms[fields][7]\" value=\"Renovering\"  ><label class=\"wpforms-field-label-inline\" for=\"wpforms-812-field_7_2\">Renovering<\/label><\/li><\/ul><\/div><div id=\"wpforms-812-field_9-container\" class=\"wpforms-field wpforms-field-radio\" data-field-id=\"9\"><label class=\"wpforms-field-label\">Finansiering<\/label><ul id=\"wpforms-812-field_9\"><li class=\"choice-1 depth-1\"><input type=\"radio\" id=\"wpforms-812-field_9_1\" name=\"wpforms[fields][9]\" value=\"Ja\"  ><label class=\"wpforms-field-label-inline\" for=\"wpforms-812-field_9_1\">Ja<\/label><\/li><li class=\"choice-2 depth-1\"><input type=\"radio\" id=\"wpforms-812-field_9_2\" name=\"wpforms[fields][9]\" value=\"Nej\"  ><label class=\"wpforms-field-label-inline\" for=\"wpforms-812-field_9_2\">Nej<\/label><\/li><\/ul><\/div><div id=\"wpforms-812-field_4-container\" class=\"wpforms-field wpforms-field-text\" data-field-id=\"4\"><label class=\"wpforms-field-label\" for=\"wpforms-812-field_4\">\u00d6nskad tidpunkt<\/label><input type=\"text\" id=\"wpforms-812-field_4\" class=\"wpforms-field-medium\" name=\"wpforms[fields][4]\" ><\/div><div id=\"wpforms-812-field_2-container\" class=\"wpforms-field wpforms-field-textarea\" data-field-id=\"2\"><label class=\"wpforms-field-label wpforms-label-hide\" for=\"wpforms-812-field_2\">Meddelande <span class=\"wpforms-required-label\">*<\/span><\/label><textarea id=\"wpforms-812-field_2\" class=\"wpforms-field-medium wpforms-field-required\" name=\"wpforms[fields][2]\" placeholder=\"Meddelande *\" required><\/textarea><div class=\"wpforms-field-description\">Specificera dina \u00f6nskem\u00e5l h\u00e4r<\/div><\/div><\/div><!-- .wpforms-field-container --><div class=\"wpforms-field wpforms-field-hp\"><label for=\"wpforms-812-field-hp\" class=\"wpforms-field-label\">Email<\/label><input type=\"text\" name=\"wpforms[hp]\" id=\"wpforms-812-field-hp\" class=\"wpforms-field-medium\"><\/div><div class=\"wpforms-recaptcha-container wpforms-is-recaptcha wpforms-is-recaptcha-type-v2\" ><div class=\"g-recaptcha\" data-sitekey=\"6LfNq7oUAAAAAE10SPaOJrULLhBOok_2FR42Jj3p\"><\/div><input type=\"text\" name=\"g-recaptcha-hidden\" class=\"wpforms-recaptcha-hidden\" style=\"position:absolute!important;clip:rect(0,0,0,0)!important;height:1px!important;width:1px!important;border:0!important;overflow:hidden!important;padding:0!important;margin:0!important;\" data-rule-recaptcha=\"1\"><\/div><div class=\"wpforms-submit-container\" ><input type=\"hidden\" name=\"wpforms[id]\" value=\"812\"><input type=\"hidden\" name=\"page_title\" value=\"\"><input type=\"hidden\" name=\"page_url\" value=\"https:\/\/cederstrom.fi\/sv\/wp-json\/wp\/v2\/pages\/778\"><input type=\"hidden\" name=\"url_referer\" value=\"\"><button type=\"submit\" name=\"wpforms[submit]\" id=\"wpforms-submit-812\" class=\"wpforms-submit sendnappi\" data-alt-text=\"Skickar...\" data-submit-text=\"Skicka\" aria-live=\"assertive\" value=\"wpforms-submit\">Skicka<\/button><\/div><\/form><\/div>  <!-- .wpforms-container -->[\/vc_column][vc_column column_padding=&#8221;no-extra-padding&#8221; column_padding_position=&#8221;all&#8221; background_color_opacity=&#8221;1&#8243; background_hover_color_opacity=&#8221;1&#8243; column_link_target=&#8221;_self&#8221; column_shadow=&#8221;none&#8221; column_border_radius=&#8221;none&#8221; width=&#8221;1\/6&#8243; tablet_width_inherit=&#8221;default&#8221; tablet_text_alignment=&#8221;default&#8221; phone_text_alignment=&#8221;default&#8221; column_border_width=&#8221;none&#8221; column_border_style=&#8221;solid&#8221; bg_image_animation=&#8221;none&#8221;][\/vc_column][\/vc_row]\n","protected":false},"excerpt":{"rendered":"<p>[vc_row type=&#8221;full_width_background&#8221; full_screen_row_position=&#8221;middle&#8221; bg_image=&#8221;621&#8243; bg_position=&#8221;right top&#8221; bg_repeat=&#8221;no-repeat&#8221; scene_position=&#8221;center&#8221; text_color=&#8221;dark&#8221; text_align=&#8221;center&#8221; top_padding=&#8221;10%&#8221; bottom_padding=&#8221;10%&#8221; enable_gradient=&#8221;true&#8221; color_overlay=&#8221;#000000&#8243; gradient_direction=&#8221;top_to_bottom&#8221; overlay_strength=&#8221;0.3&#8243; shape_divider_position=&#8221;bottom&#8221; bg_image_animation=&#8221;none&#8221; parallax_bg=&#8221;true&#8221; parallax_bg_speed=&#8221;fast&#8221; shape_type=&#8221;&#8221;][vc_column column_padding=&#8221;no-extra-padding&#8221; column_padding_position=&#8221;all&#8221; background_color_opacity=&#8221;1&#8243; background_hover_color_opacity=&#8221;1&#8243; column_link_target=&#8221;_self&#8221; column_shadow=&#8221;none&#8221; column_border_radius=&#8221;none&#8221; width=&#8221;1\/1&#8243; tablet_width_inherit=&#8221;default&#8221;&#8230;<\/p>\n","protected":false},"author":4,"featured_media":0,"parent":0,"menu_order":0,"comment_status":"closed","ping_status":"closed","template":"","meta":{"footnotes":""},"class_list":["post-778","page","type-page","status-publish"],"yoast_head":"<!-- This site is optimized with the Yoast SEO plugin v27.1.1 - https:\/\/yoast.com\/product\/yoast-seo-wordpress\/ -->\n<title>Offertf\u00f6rfr\u00e5gan - Firma H\u00e5kan Cederstr\u00f6m LVI<\/title>\n<meta name=\"robots\" content=\"index, follow, max-snippet:-1, max-image-preview:large, max-video-preview:-1\" \/>\n<link rel=\"canonical\" href=\"https:\/\/cederstrom.fi\/sv\/offertforfragan\/\" \/>\n<meta property=\"og:locale\" content=\"sv_SE\" \/>\n<meta property=\"og:type\" content=\"article\" \/>\n<meta property=\"og:title\" content=\"Offertf\u00f6rfr\u00e5gan - Firma H\u00e5kan Cederstr\u00f6m LVI\" \/>\n<meta property=\"og:description\" content=\"[vc_row type=&#8221;full_width_background&#8221; full_screen_row_position=&#8221;middle&#8221; bg_image=&#8221;621&#8243; bg_position=&#8221;right top&#8221; bg_repeat=&#8221;no-repeat&#8221; scene_position=&#8221;center&#8221; text_color=&#8221;dark&#8221; text_align=&#8221;center&#8221; top_padding=&#8221;10%&#8221; bottom_padding=&#8221;10%&#8221; enable_gradient=&#8221;true&#8221; color_overlay=&#8221;#000000&#8243; gradient_direction=&#8221;top_to_bottom&#8221; overlay_strength=&#8221;0.3&#8243; shape_divider_position=&#8221;bottom&#8221; bg_image_animation=&#8221;none&#8221; parallax_bg=&#8221;true&#8221; parallax_bg_speed=&#8221;fast&#8221; shape_type=&#8221;&#8221;][vc_column column_padding=&#8221;no-extra-padding&#8221; column_padding_position=&#8221;all&#8221; background_color_opacity=&#8221;1&#8243; background_hover_color_opacity=&#8221;1&#8243; column_link_target=&#8221;_self&#8221; column_shadow=&#8221;none&#8221; column_border_radius=&#8221;none&#8221; width=&#8221;1\/1&#8243; tablet_width_inherit=&#8221;default&#8221;...\" \/>\n<meta property=\"og:url\" content=\"https:\/\/cederstrom.fi\/sv\/offertforfragan\/\" \/>\n<meta property=\"og:site_name\" content=\"Firma H\u00e5kan Cederstr\u00f6m LVI\" \/>\n<meta property=\"article:publisher\" content=\"https:\/\/www.facebook.com\/FmaHC\/\" \/>\n<meta property=\"article:modified_time\" content=\"2019-09-24T07:34:30+00:00\" \/>\n<meta name=\"twitter:card\" content=\"summary_large_image\" \/>\n<meta name=\"twitter:label1\" content=\"Ber\u00e4knad l\u00e4stid\" \/>\n\t<meta name=\"twitter:data1\" content=\"2 minuter\" \/>\n<script type=\"application\/ld+json\" class=\"yoast-schema-graph\">{\"@context\":\"https:\/\/schema.org\",\"@graph\":[{\"@type\":\"WebPage\",\"@id\":\"https:\/\/cederstrom.fi\/sv\/offertforfragan\/\",\"url\":\"https:\/\/cederstrom.fi\/sv\/offertforfragan\/\",\"name\":\"Offertf\u00f6rfr\u00e5gan - Firma H\u00e5kan Cederstr\u00f6m LVI\",\"isPartOf\":{\"@id\":\"https:\/\/cederstrom.fi\/#website\"},\"datePublished\":\"2019-05-07T13:34:28+00:00\",\"dateModified\":\"2019-09-24T07:34:30+00:00\",\"breadcrumb\":{\"@id\":\"https:\/\/cederstrom.fi\/sv\/offertforfragan\/#breadcrumb\"},\"inLanguage\":\"sv-SE\",\"potentialAction\":[{\"@type\":\"ReadAction\",\"target\":[\"https:\/\/cederstrom.fi\/sv\/offertforfragan\/\"]}]},{\"@type\":\"BreadcrumbList\",\"@id\":\"https:\/\/cederstrom.fi\/sv\/offertforfragan\/#breadcrumb\",\"itemListElement\":[{\"@type\":\"ListItem\",\"position\":1,\"name\":\"Home\",\"item\":\"https:\/\/cederstrom.fi\/sv\/\"},{\"@type\":\"ListItem\",\"position\":2,\"name\":\"Offertf\u00f6rfr\u00e5gan\"}]},{\"@type\":\"WebSite\",\"@id\":\"https:\/\/cederstrom.fi\/#website\",\"url\":\"https:\/\/cederstrom.fi\/\",\"name\":\"Firma H\u00e5kan Cederstr\u00f6m LVI\",\"description\":\"Teemme Pohjanmaan alueella kaikki LVI-ty\u00f6t yksityis- ja yritysasiakkaille.\",\"publisher\":{\"@id\":\"https:\/\/cederstrom.fi\/#organization\"},\"potentialAction\":[{\"@type\":\"SearchAction\",\"target\":{\"@type\":\"EntryPoint\",\"urlTemplate\":\"https:\/\/cederstrom.fi\/?s={search_term_string}\"},\"query-input\":{\"@type\":\"PropertyValueSpecification\",\"valueRequired\":true,\"valueName\":\"search_term_string\"}}],\"inLanguage\":\"sv-SE\"},{\"@type\":\"Organization\",\"@id\":\"https:\/\/cederstrom.fi\/#organization\",\"name\":\"FIRMA H\u00c5KAN CEDERSTR\u00d6M LVI\",\"url\":\"https:\/\/cederstrom.fi\/\",\"logo\":{\"@type\":\"ImageObject\",\"inLanguage\":\"sv-SE\",\"@id\":\"https:\/\/cederstrom.fi\/#\/schema\/logo\/image\/\",\"url\":\"\",\"contentUrl\":\"\",\"caption\":\"FIRMA H\u00c5KAN CEDERSTR\u00d6M LVI\"},\"image\":{\"@id\":\"https:\/\/cederstrom.fi\/#\/schema\/logo\/image\/\"},\"sameAs\":[\"https:\/\/www.facebook.com\/FmaHC\/\"]}]}<\/script>\n<!-- \/ Yoast SEO plugin. -->","yoast_head_json":{"title":"Offertf\u00f6rfr\u00e5gan - Firma H\u00e5kan Cederstr\u00f6m LVI","robots":{"index":"index","follow":"follow","max-snippet":"max-snippet:-1","max-image-preview":"max-image-preview:large","max-video-preview":"max-video-preview:-1"},"canonical":"https:\/\/cederstrom.fi\/sv\/offertforfragan\/","og_locale":"sv_SE","og_type":"article","og_title":"Offertf\u00f6rfr\u00e5gan - Firma H\u00e5kan Cederstr\u00f6m LVI","og_description":"[vc_row type=&#8221;full_width_background&#8221; full_screen_row_position=&#8221;middle&#8221; bg_image=&#8221;621&#8243; bg_position=&#8221;right top&#8221; bg_repeat=&#8221;no-repeat&#8221; scene_position=&#8221;center&#8221; text_color=&#8221;dark&#8221; text_align=&#8221;center&#8221; top_padding=&#8221;10%&#8221; bottom_padding=&#8221;10%&#8221; enable_gradient=&#8221;true&#8221; color_overlay=&#8221;#000000&#8243; gradient_direction=&#8221;top_to_bottom&#8221; overlay_strength=&#8221;0.3&#8243; shape_divider_position=&#8221;bottom&#8221; bg_image_animation=&#8221;none&#8221; parallax_bg=&#8221;true&#8221; parallax_bg_speed=&#8221;fast&#8221; shape_type=&#8221;&#8221;][vc_column column_padding=&#8221;no-extra-padding&#8221; column_padding_position=&#8221;all&#8221; background_color_opacity=&#8221;1&#8243; background_hover_color_opacity=&#8221;1&#8243; column_link_target=&#8221;_self&#8221; column_shadow=&#8221;none&#8221; column_border_radius=&#8221;none&#8221; width=&#8221;1\/1&#8243; tablet_width_inherit=&#8221;default&#8221;...","og_url":"https:\/\/cederstrom.fi\/sv\/offertforfragan\/","og_site_name":"Firma H\u00e5kan Cederstr\u00f6m LVI","article_publisher":"https:\/\/www.facebook.com\/FmaHC\/","article_modified_time":"2019-09-24T07:34:30+00:00","twitter_card":"summary_large_image","twitter_misc":{"Ber\u00e4knad l\u00e4stid":"2 minuter"},"schema":{"@context":"https:\/\/schema.org","@graph":[{"@type":"WebPage","@id":"https:\/\/cederstrom.fi\/sv\/offertforfragan\/","url":"https:\/\/cederstrom.fi\/sv\/offertforfragan\/","name":"Offertf\u00f6rfr\u00e5gan - Firma H\u00e5kan Cederstr\u00f6m LVI","isPartOf":{"@id":"https:\/\/cederstrom.fi\/#website"},"datePublished":"2019-05-07T13:34:28+00:00","dateModified":"2019-09-24T07:34:30+00:00","breadcrumb":{"@id":"https:\/\/cederstrom.fi\/sv\/offertforfragan\/#breadcrumb"},"inLanguage":"sv-SE","potentialAction":[{"@type":"ReadAction","target":["https:\/\/cederstrom.fi\/sv\/offertforfragan\/"]}]},{"@type":"BreadcrumbList","@id":"https:\/\/cederstrom.fi\/sv\/offertforfragan\/#breadcrumb","itemListElement":[{"@type":"ListItem","position":1,"name":"Home","item":"https:\/\/cederstrom.fi\/sv\/"},{"@type":"ListItem","position":2,"name":"Offertf\u00f6rfr\u00e5gan"}]},{"@type":"WebSite","@id":"https:\/\/cederstrom.fi\/#website","url":"https:\/\/cederstrom.fi\/","name":"Firma H\u00e5kan Cederstr\u00f6m LVI","description":"Teemme Pohjanmaan alueella kaikki LVI-ty\u00f6t yksityis- ja yritysasiakkaille.","publisher":{"@id":"https:\/\/cederstrom.fi\/#organization"},"potentialAction":[{"@type":"SearchAction","target":{"@type":"EntryPoint","urlTemplate":"https:\/\/cederstrom.fi\/?s={search_term_string}"},"query-input":{"@type":"PropertyValueSpecification","valueRequired":true,"valueName":"search_term_string"}}],"inLanguage":"sv-SE"},{"@type":"Organization","@id":"https:\/\/cederstrom.fi\/#organization","name":"FIRMA H\u00c5KAN CEDERSTR\u00d6M LVI","url":"https:\/\/cederstrom.fi\/","logo":{"@type":"ImageObject","inLanguage":"sv-SE","@id":"https:\/\/cederstrom.fi\/#\/schema\/logo\/image\/","url":"","contentUrl":"","caption":"FIRMA H\u00c5KAN CEDERSTR\u00d6M LVI"},"image":{"@id":"https:\/\/cederstrom.fi\/#\/schema\/logo\/image\/"},"sameAs":["https:\/\/www.facebook.com\/FmaHC\/"]}]}},"_links":{"self":[{"href":"https:\/\/cederstrom.fi\/sv\/wp-json\/wp\/v2\/pages\/778","targetHints":{"allow":["GET"]}}],"collection":[{"href":"https:\/\/cederstrom.fi\/sv\/wp-json\/wp\/v2\/pages"}],"about":[{"href":"https:\/\/cederstrom.fi\/sv\/wp-json\/wp\/v2\/types\/page"}],"author":[{"embeddable":true,"href":"https:\/\/cederstrom.fi\/sv\/wp-json\/wp\/v2\/users\/4"}],"replies":[{"embeddable":true,"href":"https:\/\/cederstrom.fi\/sv\/wp-json\/wp\/v2\/comments?post=778"}],"version-history":[{"count":3,"href":"https:\/\/cederstrom.fi\/sv\/wp-json\/wp\/v2\/pages\/778\/revisions"}],"predecessor-version":[{"id":822,"href":"https:\/\/cederstrom.fi\/sv\/wp-json\/wp\/v2\/pages\/778\/revisions\/822"}],"wp:attachment":[{"href":"https:\/\/cederstrom.fi\/sv\/wp-json\/wp\/v2\/media?parent=778"}],"curies":[{"name":"wp","href":"https:\/\/api.w.org\/{rel}","templated":true}]}}