{"id":781,"date":"2019-05-07T16:09:32","date_gmt":"2019-05-07T13:09:32","guid":{"rendered":"https:\/\/cederstrom.kajahdus.fi\/jatevesi\/"},"modified":"2020-10-07T10:11:11","modified_gmt":"2020-10-07T07:11:11","slug":"avloppsvatten","status":"publish","type":"page","link":"https:\/\/cederstrom.fi\/sv\/avloppsvatten\/","title":{"rendered":"Avloppsvatten"},"content":{"rendered":"[vc_row type=&#8221;full_width_background&#8221; full_screen_row_position=&#8221;middle&#8221; column_margin=&#8221;default&#8221; column_direction=&#8221;default&#8221; column_direction_tablet=&#8221;default&#8221; column_direction_phone=&#8221;default&#8221; bg_image=&#8221;608&#8243; bg_position=&#8221;center center&#8221; bg_repeat=&#8221;no-repeat&#8221; scene_position=&#8221;center&#8221; top_padding=&#8221;10%&#8221; bottom_padding=&#8221;10%&#8221; text_color=&#8221;dark&#8221; text_align=&#8221;center&#8221; row_border_radius=&#8221;none&#8221; row_border_radius_applies=&#8221;bg&#8221; enable_gradient=&#8221;true&#8221; color_overlay=&#8221;#000000&#8243; overlay_strength=&#8221;0.3&#8243; gradient_direction=&#8221;top_to_bottom&#8221; shape_divider_position=&#8221;bottom&#8221; bg_image_animation=&#8221;none&#8221; parallax_bg=&#8221;true&#8221; parallax_bg_speed=&#8221;fast&#8221; shape_type=&#8221;&#8221;][vc_column column_padding=&#8221;no-extra-padding&#8221; column_padding_tablet=&#8221;inherit&#8221; column_padding_phone=&#8221;inherit&#8221; column_padding_position=&#8221;all&#8221; background_color_opacity=&#8221;1&#8243; background_hover_color_opacity=&#8221;1&#8243; column_shadow=&#8221;none&#8221; column_border_radius=&#8221;none&#8221; column_link_target=&#8221;_self&#8221; gradient_direction=&#8221;left_to_right&#8221; overlay_strength=&#8221;0.3&#8243; width=&#8221;1\/1&#8243; tablet_width_inherit=&#8221;default&#8221; tablet_text_alignment=&#8221;default&#8221; phone_text_alignment=&#8221;default&#8221; column_border_width=&#8221;none&#8221; column_border_style=&#8221;solid&#8221; bg_image_animation=&#8221;none&#8221;][vc_row_inner column_margin=&#8221;default&#8221; column_direction=&#8221;default&#8221; column_direction_tablet=&#8221;default&#8221; column_direction_phone=&#8221;default&#8221; top_padding=&#8221;1%&#8221; text_align=&#8221;left&#8221;][vc_column_inner column_padding=&#8221;padding-5-percent&#8221; column_padding_tablet=&#8221;inherit&#8221; column_padding_phone=&#8221;inherit&#8221; column_padding_position=&#8221;all&#8221; background_color=&#8221;#000000&#8243; background_color_opacity=&#8221;0.3&#8243; background_hover_color_opacity=&#8221;1&#8243; column_shadow=&#8221;none&#8221; column_border_radius=&#8221;none&#8221; column_link_target=&#8221;_self&#8221; gradient_direction=&#8221;left_to_right&#8221; overlay_strength=&#8221;0.3&#8243; width=&#8221;1\/1&#8243; tablet_width_inherit=&#8221;default&#8221; column_border_width=&#8221;none&#8221; column_border_style=&#8221;solid&#8221; bg_image_animation=&#8221;none&#8221;][vc_custom_heading text=&#8221;Avloppsvattensystem &#8211; F:ma H\u00e5kan Cederstr\u00f6m, Nykarleby&#8221; font_container=&#8221;tag:h1|text_align:center|color:%23ffffff&#8221; use_theme_fonts=&#8221;yes&#8221;][\/vc_column_inner][\/vc_row_inner][\/vc_column][\/vc_row][vc_row type=&#8221;in_container&#8221; full_screen_row_position=&#8221;middle&#8221; column_margin=&#8221;default&#8221; column_direction=&#8221;default&#8221; column_direction_tablet=&#8221;default&#8221; column_direction_phone=&#8221;default&#8221; scene_position=&#8221;center&#8221; bottom_padding=&#8221;2%&#8221; text_color=&#8221;dark&#8221; text_align=&#8221;left&#8221; row_border_radius=&#8221;none&#8221; row_border_radius_applies=&#8221;bg&#8221; overlay_strength=&#8221;0.3&#8243; gradient_direction=&#8221;left_to_right&#8221; shape_divider_position=&#8221;bottom&#8221; bg_image_animation=&#8221;none&#8221; shape_type=&#8221;&#8221;][vc_column column_padding=&#8221;padding-8-percent&#8221; column_padding_tablet=&#8221;inherit&#8221; column_padding_phone=&#8221;inherit&#8221; column_padding_position=&#8221;all&#8221; top_margin=&#8221;-6%&#8221; background_color=&#8221;#ffffff&#8221; background_color_opacity=&#8221;1&#8243; background_hover_color_opacity=&#8221;1&#8243; column_shadow=&#8221;small_depth&#8221; column_border_radius=&#8221;none&#8221; column_link_target=&#8221;_self&#8221; gradient_direction=&#8221;left_to_right&#8221; overlay_strength=&#8221;0.3&#8243; width=&#8221;1\/1&#8243; tablet_width_inherit=&#8221;default&#8221; tablet_text_alignment=&#8221;default&#8221; phone_text_alignment=&#8221;default&#8221; column_border_width=&#8221;none&#8221; column_border_style=&#8221;solid&#8221; bg_image_animation=&#8221;none&#8221;][vc_row_inner equal_height=&#8221;yes&#8221; content_placement=&#8221;top&#8221; column_margin=&#8221;default&#8221; column_direction=&#8221;default&#8221; column_direction_tablet=&#8221;default&#8221; column_direction_phone=&#8221;default&#8221; text_align=&#8221;left&#8221;][vc_column_inner column_padding=&#8221;padding-2-percent&#8221; column_padding_tablet=&#8221;inherit&#8221; column_padding_phone=&#8221;inherit&#8221; column_padding_position=&#8221;all&#8221; background_color_opacity=&#8221;1&#8243; background_hover_color_opacity=&#8221;1&#8243; column_shadow=&#8221;none&#8221; column_border_radius=&#8221;none&#8221; column_link_target=&#8221;_self&#8221; gradient_direction=&#8221;left_to_right&#8221; overlay_strength=&#8221;0.3&#8243; width=&#8221;1\/2&#8243; tablet_width_inherit=&#8221;default&#8221; column_border_width=&#8221;none&#8221; column_border_style=&#8221;solid&#8221; bg_image_animation=&#8221;none&#8221;][vc_custom_heading text=&#8221;Avloppsvattensystem&#8221; font_container=&#8221;tag:h2|text_align:left|color:%232baae2&#8243; use_theme_fonts=&#8221;yes&#8221;][divider line_type=&#8221;No Line&#8221; custom_height=&#8221;30&#8243;][vc_column_text]N\u00e4r det g\u00e4ller avloppsvattensystem litar vi p\u00e5 Uponors produkter. Vi installerar fastighetsvisa avloppsvattensystem inom kommunalteknik till sm\u00e5hus och fritidsbost\u00e4der.<\/p>\n<ul>\n<li>Avloppsr\u00f6r<\/li>\n<li>Minireningsverk<\/li>\n<li>Infiltrering<\/li>\n<li>Separata avlopp<\/li>\n<li>Slutna tankar<\/li>\n<li>Bastu- och stugbrunnar<\/li>\n<\/ul>\n[\/vc_column_text][vc_column_text][\/vc_column_text][nectar_btn size=&#8221;large&#8221; button_style=&#8221;regular&#8221; button_color_2=&#8221;Accent-Color&#8221; icon_family=&#8221;default_arrow&#8221; url=&#8221;\/offertforfragan&#8221; text=&#8221;Kontakt oss&#8221; margin_top=&#8221;30&#8243;][\/vc_column_inner][vc_column_inner column_padding=&#8221;padding-2-percent&#8221; column_padding_tablet=&#8221;inherit&#8221; column_padding_phone=&#8221;inherit&#8221; column_padding_position=&#8221;all&#8221; background_color_opacity=&#8221;1&#8243; background_hover_color_opacity=&#8221;1&#8243; column_shadow=&#8221;none&#8221; column_border_radius=&#8221;none&#8221; column_link_target=&#8221;_self&#8221; gradient_direction=&#8221;left_to_right&#8221; overlay_strength=&#8221;0.3&#8243; width=&#8221;1\/2&#8243; tablet_width_inherit=&#8221;default&#8221; column_border_width=&#8221;none&#8221; column_border_style=&#8221;solid&#8221; bg_image_animation=&#8221;none&#8221;][vc_custom_heading text=&#8221;Installation av avloppsvattensystem&#8221; font_container=&#8221;tag:h2|text_align:left|color:%232baae2&#8243; use_theme_fonts=&#8221;yes&#8221;][divider line_type=&#8221;No Line&#8221; custom_height=&#8221;30&#8243;][vc_column_text]Till installationsarbetet h\u00f6r:<\/p>\n<ul>\n<li>Planering<\/li>\n<li>Gr\u00e4vning<\/li>\n<li>Leverans av material och tillbeh\u00f6r<\/li>\n<li>Elarbeten<\/li>\n<li>Slutgranskning och ibruktagning<\/li>\n<li>Instruktion<\/li>\n<\/ul>\n<p>Avloppsvattensystemen planeras och byggs enligt g\u00e4llande f\u00f6rordning. Vi beaktar alltid lokala best\u00e4mmelser g\u00e4llande planering och milj\u00f6.<\/p>\n<p>Ring s\u00e5 ber\u00e4ttar vi mera![\/vc_column_text][\/vc_column_inner][\/vc_row_inner][\/vc_column][\/vc_row]\n","protected":false},"excerpt":{"rendered":"<p>[vc_row type=&#8221;full_width_background&#8221; full_screen_row_position=&#8221;middle&#8221; column_margin=&#8221;default&#8221; column_direction=&#8221;default&#8221; column_direction_tablet=&#8221;default&#8221; column_direction_phone=&#8221;default&#8221; bg_image=&#8221;608&#8243; bg_position=&#8221;center center&#8221; bg_repeat=&#8221;no-repeat&#8221; scene_position=&#8221;center&#8221; top_padding=&#8221;10%&#8221; bottom_padding=&#8221;10%&#8221; text_color=&#8221;dark&#8221; text_align=&#8221;center&#8221; row_border_radius=&#8221;none&#8221; row_border_radius_applies=&#8221;bg&#8221; enable_gradient=&#8221;true&#8221; color_overlay=&#8221;#000000&#8243; overlay_strength=&#8221;0.3&#8243; gradient_direction=&#8221;top_to_bottom&#8221; shape_divider_position=&#8221;bottom&#8221; bg_image_animation=&#8221;none&#8221; parallax_bg=&#8221;true&#8221; parallax_bg_speed=&#8221;fast&#8221; shape_type=&#8221;&#8221;][vc_column column_padding=&#8221;no-extra-padding&#8221; column_padding_tablet=&#8221;inherit&#8221; column_padding_phone=&#8221;inherit&#8221;&#8230;<\/p>\n","protected":false},"author":4,"featured_media":0,"parent":0,"menu_order":0,"comment_status":"closed","ping_status":"closed","template":"","meta":{"footnotes":""},"class_list":["post-781","page","type-page","status-publish"],"yoast_head":"<!-- This site is optimized with the Yoast SEO plugin v27.1.1 - https:\/\/yoast.com\/product\/yoast-seo-wordpress\/ -->\n<title>Avloppsvattensystem, minireningsverk - F:ma H\u00e5kan Cederstr\u00f6m<\/title>\n<meta name=\"description\" content=\"N\u00e4r det g\u00e4ller avloppsvattensystem litar vi p\u00e5 Uponors produkter. Avloppsvattensystem och minireningsverk i Nykarleby fr\u00e5n F:ma H\u00e5kan Cederstr\u00f6m.\" \/>\n<meta name=\"robots\" content=\"index, follow, max-snippet:-1, max-image-preview:large, max-video-preview:-1\" \/>\n<link rel=\"canonical\" href=\"https:\/\/cederstrom.fi\/sv\/avloppsvatten\/\" \/>\n<meta property=\"og:locale\" content=\"sv_SE\" \/>\n<meta property=\"og:type\" content=\"article\" \/>\n<meta property=\"og:title\" content=\"Avloppsvattensystem, minireningsverk - F:ma H\u00e5kan Cederstr\u00f6m\" \/>\n<meta property=\"og:description\" content=\"N\u00e4r det g\u00e4ller avloppsvattensystem litar vi p\u00e5 Uponors produkter. Avloppsvattensystem och minireningsverk i Nykarleby fr\u00e5n F:ma H\u00e5kan Cederstr\u00f6m.\" \/>\n<meta property=\"og:url\" content=\"https:\/\/cederstrom.fi\/sv\/avloppsvatten\/\" \/>\n<meta property=\"og:site_name\" content=\"Firma H\u00e5kan Cederstr\u00f6m LVI\" \/>\n<meta property=\"article:publisher\" content=\"https:\/\/www.facebook.com\/FmaHC\/\" \/>\n<meta property=\"article:modified_time\" content=\"2020-10-07T07:11:11+00:00\" \/>\n<meta name=\"twitter:card\" content=\"summary_large_image\" \/>\n<meta name=\"twitter:label1\" content=\"Ber\u00e4knad l\u00e4stid\" \/>\n\t<meta name=\"twitter:data1\" content=\"4 minuter\" \/>\n<script type=\"application\/ld+json\" class=\"yoast-schema-graph\">{\"@context\":\"https:\/\/schema.org\",\"@graph\":[{\"@type\":\"WebPage\",\"@id\":\"https:\/\/cederstrom.fi\/sv\/avloppsvatten\/\",\"url\":\"https:\/\/cederstrom.fi\/sv\/avloppsvatten\/\",\"name\":\"Avloppsvattensystem, minireningsverk - F:ma H\u00e5kan Cederstr\u00f6m\",\"isPartOf\":{\"@id\":\"https:\/\/cederstrom.fi\/#website\"},\"datePublished\":\"2019-05-07T13:09:32+00:00\",\"dateModified\":\"2020-10-07T07:11:11+00:00\",\"description\":\"N\u00e4r det g\u00e4ller avloppsvattensystem litar vi p\u00e5 Uponors produkter. Avloppsvattensystem och minireningsverk i Nykarleby fr\u00e5n F:ma H\u00e5kan Cederstr\u00f6m.\",\"breadcrumb\":{\"@id\":\"https:\/\/cederstrom.fi\/sv\/avloppsvatten\/#breadcrumb\"},\"inLanguage\":\"sv-SE\",\"potentialAction\":[{\"@type\":\"ReadAction\",\"target\":[\"https:\/\/cederstrom.fi\/sv\/avloppsvatten\/\"]}]},{\"@type\":\"BreadcrumbList\",\"@id\":\"https:\/\/cederstrom.fi\/sv\/avloppsvatten\/#breadcrumb\",\"itemListElement\":[{\"@type\":\"ListItem\",\"position\":1,\"name\":\"Home\",\"item\":\"https:\/\/cederstrom.fi\/sv\/\"},{\"@type\":\"ListItem\",\"position\":2,\"name\":\"Avloppsvatten\"}]},{\"@type\":\"WebSite\",\"@id\":\"https:\/\/cederstrom.fi\/#website\",\"url\":\"https:\/\/cederstrom.fi\/\",\"name\":\"Firma H\u00e5kan Cederstr\u00f6m LVI\",\"description\":\"Teemme Pohjanmaan alueella kaikki LVI-ty\u00f6t yksityis- ja yritysasiakkaille.\",\"publisher\":{\"@id\":\"https:\/\/cederstrom.fi\/#organization\"},\"potentialAction\":[{\"@type\":\"SearchAction\",\"target\":{\"@type\":\"EntryPoint\",\"urlTemplate\":\"https:\/\/cederstrom.fi\/?s={search_term_string}\"},\"query-input\":{\"@type\":\"PropertyValueSpecification\",\"valueRequired\":true,\"valueName\":\"search_term_string\"}}],\"inLanguage\":\"sv-SE\"},{\"@type\":\"Organization\",\"@id\":\"https:\/\/cederstrom.fi\/#organization\",\"name\":\"FIRMA H\u00c5KAN CEDERSTR\u00d6M LVI\",\"url\":\"https:\/\/cederstrom.fi\/\",\"logo\":{\"@type\":\"ImageObject\",\"inLanguage\":\"sv-SE\",\"@id\":\"https:\/\/cederstrom.fi\/#\/schema\/logo\/image\/\",\"url\":\"\",\"contentUrl\":\"\",\"caption\":\"FIRMA H\u00c5KAN CEDERSTR\u00d6M LVI\"},\"image\":{\"@id\":\"https:\/\/cederstrom.fi\/#\/schema\/logo\/image\/\"},\"sameAs\":[\"https:\/\/www.facebook.com\/FmaHC\/\"]}]}<\/script>\n<!-- \/ Yoast SEO plugin. -->","yoast_head_json":{"title":"Avloppsvattensystem, minireningsverk - F:ma H\u00e5kan Cederstr\u00f6m","description":"N\u00e4r det g\u00e4ller avloppsvattensystem litar vi p\u00e5 Uponors produkter. Avloppsvattensystem och minireningsverk i Nykarleby fr\u00e5n F:ma H\u00e5kan Cederstr\u00f6m.","robots":{"index":"index","follow":"follow","max-snippet":"max-snippet:-1","max-image-preview":"max-image-preview:large","max-video-preview":"max-video-preview:-1"},"canonical":"https:\/\/cederstrom.fi\/sv\/avloppsvatten\/","og_locale":"sv_SE","og_type":"article","og_title":"Avloppsvattensystem, minireningsverk - F:ma H\u00e5kan Cederstr\u00f6m","og_description":"N\u00e4r det g\u00e4ller avloppsvattensystem litar vi p\u00e5 Uponors produkter. Avloppsvattensystem och minireningsverk i Nykarleby fr\u00e5n F:ma H\u00e5kan Cederstr\u00f6m.","og_url":"https:\/\/cederstrom.fi\/sv\/avloppsvatten\/","og_site_name":"Firma H\u00e5kan Cederstr\u00f6m LVI","article_publisher":"https:\/\/www.facebook.com\/FmaHC\/","article_modified_time":"2020-10-07T07:11:11+00:00","twitter_card":"summary_large_image","twitter_misc":{"Ber\u00e4knad l\u00e4stid":"4 minuter"},"schema":{"@context":"https:\/\/schema.org","@graph":[{"@type":"WebPage","@id":"https:\/\/cederstrom.fi\/sv\/avloppsvatten\/","url":"https:\/\/cederstrom.fi\/sv\/avloppsvatten\/","name":"Avloppsvattensystem, minireningsverk - F:ma H\u00e5kan Cederstr\u00f6m","isPartOf":{"@id":"https:\/\/cederstrom.fi\/#website"},"datePublished":"2019-05-07T13:09:32+00:00","dateModified":"2020-10-07T07:11:11+00:00","description":"N\u00e4r det g\u00e4ller avloppsvattensystem litar vi p\u00e5 Uponors produkter. Avloppsvattensystem och minireningsverk i Nykarleby fr\u00e5n F:ma H\u00e5kan Cederstr\u00f6m.","breadcrumb":{"@id":"https:\/\/cederstrom.fi\/sv\/avloppsvatten\/#breadcrumb"},"inLanguage":"sv-SE","potentialAction":[{"@type":"ReadAction","target":["https:\/\/cederstrom.fi\/sv\/avloppsvatten\/"]}]},{"@type":"BreadcrumbList","@id":"https:\/\/cederstrom.fi\/sv\/avloppsvatten\/#breadcrumb","itemListElement":[{"@type":"ListItem","position":1,"name":"Home","item":"https:\/\/cederstrom.fi\/sv\/"},{"@type":"ListItem","position":2,"name":"Avloppsvatten"}]},{"@type":"WebSite","@id":"https:\/\/cederstrom.fi\/#website","url":"https:\/\/cederstrom.fi\/","name":"Firma H\u00e5kan Cederstr\u00f6m LVI","description":"Teemme Pohjanmaan alueella kaikki LVI-ty\u00f6t yksityis- ja yritysasiakkaille.","publisher":{"@id":"https:\/\/cederstrom.fi\/#organization"},"potentialAction":[{"@type":"SearchAction","target":{"@type":"EntryPoint","urlTemplate":"https:\/\/cederstrom.fi\/?s={search_term_string}"},"query-input":{"@type":"PropertyValueSpecification","valueRequired":true,"valueName":"search_term_string"}}],"inLanguage":"sv-SE"},{"@type":"Organization","@id":"https:\/\/cederstrom.fi\/#organization","name":"FIRMA H\u00c5KAN CEDERSTR\u00d6M LVI","url":"https:\/\/cederstrom.fi\/","logo":{"@type":"ImageObject","inLanguage":"sv-SE","@id":"https:\/\/cederstrom.fi\/#\/schema\/logo\/image\/","url":"","contentUrl":"","caption":"FIRMA H\u00c5KAN CEDERSTR\u00d6M LVI"},"image":{"@id":"https:\/\/cederstrom.fi\/#\/schema\/logo\/image\/"},"sameAs":["https:\/\/www.facebook.com\/FmaHC\/"]}]}},"_links":{"self":[{"href":"https:\/\/cederstrom.fi\/sv\/wp-json\/wp\/v2\/pages\/781","targetHints":{"allow":["GET"]}}],"collection":[{"href":"https:\/\/cederstrom.fi\/sv\/wp-json\/wp\/v2\/pages"}],"about":[{"href":"https:\/\/cederstrom.fi\/sv\/wp-json\/wp\/v2\/types\/page"}],"author":[{"embeddable":true,"href":"https:\/\/cederstrom.fi\/sv\/wp-json\/wp\/v2\/users\/4"}],"replies":[{"embeddable":true,"href":"https:\/\/cederstrom.fi\/sv\/wp-json\/wp\/v2\/comments?post=781"}],"version-history":[{"count":4,"href":"https:\/\/cederstrom.fi\/sv\/wp-json\/wp\/v2\/pages\/781\/revisions"}],"predecessor-version":[{"id":921,"href":"https:\/\/cederstrom.fi\/sv\/wp-json\/wp\/v2\/pages\/781\/revisions\/921"}],"wp:attachment":[{"href":"https:\/\/cederstrom.fi\/sv\/wp-json\/wp\/v2\/media?parent=781"}],"curies":[{"name":"wp","href":"https:\/\/api.w.org\/{rel}","templated":true}]}}