{"id":783,"date":"2019-03-04T16:14:30","date_gmt":"2019-03-04T14:14:30","guid":{"rendered":"https:\/\/cederstrom.kajahdus.fi\/yhteystiedot\/"},"modified":"2019-09-24T23:21:18","modified_gmt":"2019-09-24T20:21:18","slug":"kontaktuppgifter","status":"publish","type":"page","link":"https:\/\/cederstrom.fi\/sv\/kontaktuppgifter\/","title":{"rendered":"Kontaktuppgifter"},"content":{"rendered":"[vc_row type=&#8221;full_width_background&#8221; full_screen_row_position=&#8221;middle&#8221; bg_image=&#8221;621&#8243; bg_position=&#8221;center center&#8221; bg_repeat=&#8221;no-repeat&#8221; scene_position=&#8221;center&#8221; text_color=&#8221;dark&#8221; text_align=&#8221;center&#8221; top_padding=&#8221;10%&#8221; bottom_padding=&#8221;10%&#8221; enable_gradient=&#8221;true&#8221; color_overlay=&#8221;#000000&#8243; gradient_direction=&#8221;top_to_bottom&#8221; overlay_strength=&#8221;0.3&#8243; shape_divider_position=&#8221;bottom&#8221; bg_image_animation=&#8221;none&#8221; parallax_bg=&#8221;true&#8221; parallax_bg_speed=&#8221;fast&#8221; shape_type=&#8221;&#8221;][vc_column column_padding=&#8221;no-extra-padding&#8221; column_padding_position=&#8221;all&#8221; background_color_opacity=&#8221;1&#8243; background_hover_color_opacity=&#8221;1&#8243; column_link_target=&#8221;_self&#8221; column_shadow=&#8221;none&#8221; column_border_radius=&#8221;none&#8221; width=&#8221;1\/1&#8243; tablet_width_inherit=&#8221;default&#8221; tablet_text_alignment=&#8221;default&#8221; phone_text_alignment=&#8221;default&#8221; column_border_width=&#8221;none&#8221; column_border_style=&#8221;solid&#8221; bg_image_animation=&#8221;none&#8221;][vc_row_inner column_margin=&#8221;default&#8221; top_padding=&#8221;1%&#8221; text_align=&#8221;left&#8221;][vc_column_inner column_padding=&#8221;padding-5-percent&#8221; column_padding_position=&#8221;all&#8221; background_color=&#8221;#000000&#8243; background_color_opacity=&#8221;0.3&#8243; background_hover_color_opacity=&#8221;1&#8243; column_shadow=&#8221;none&#8221; column_border_radius=&#8221;none&#8221; column_link_target=&#8221;_self&#8221; width=&#8221;1\/1&#8243; tablet_width_inherit=&#8221;default&#8221; column_border_width=&#8221;none&#8221; column_border_style=&#8221;solid&#8221; bg_image_animation=&#8221;none&#8221;][vc_custom_heading text=&#8221;F:ma H\u00e5kan Cederstr\u00f6m, Nykarleby&#8221; font_container=&#8221;tag:h1|text_align:center|color:%23ffffff&#8221; use_theme_fonts=&#8221;yes&#8221;][\/vc_column_inner][\/vc_row_inner][\/vc_column][\/vc_row][vc_row type=&#8221;in_container&#8221; full_screen_row_position=&#8221;middle&#8221; scene_position=&#8221;center&#8221; text_color=&#8221;dark&#8221; text_align=&#8221;left&#8221; bottom_padding=&#8221;2%&#8221; overlay_strength=&#8221;0.3&#8243; shape_divider_position=&#8221;bottom&#8221; bg_image_animation=&#8221;none&#8221; shape_type=&#8221;&#8221;][vc_column column_padding=&#8221;padding-8-percent&#8221; column_padding_position=&#8221;all&#8221; background_color=&#8221;#ffffff&#8221; background_color_opacity=&#8221;1&#8243; background_hover_color_opacity=&#8221;1&#8243; column_link_target=&#8221;_self&#8221; column_shadow=&#8221;small_depth&#8221; column_border_radius=&#8221;none&#8221; top_margin=&#8221;-6%&#8221; width=&#8221;1\/1&#8243; tablet_width_inherit=&#8221;default&#8221; tablet_text_alignment=&#8221;default&#8221; phone_text_alignment=&#8221;default&#8221; column_border_width=&#8221;none&#8221; column_border_style=&#8221;solid&#8221; bg_image_animation=&#8221;none&#8221;][vc_row_inner equal_height=&#8221;yes&#8221; column_margin=&#8221;default&#8221; text_align=&#8221;left&#8221;][vc_column_inner column_padding=&#8221;padding-2-percent&#8221; column_padding_position=&#8221;right&#8221; background_color_opacity=&#8221;1&#8243; background_hover_color_opacity=&#8221;1&#8243; column_shadow=&#8221;none&#8221; column_border_radius=&#8221;none&#8221; column_link_target=&#8221;_self&#8221; width=&#8221;1\/2&#8243; tablet_width_inherit=&#8221;default&#8221; column_border_width=&#8221;none&#8221; column_border_style=&#8221;solid&#8221; bg_image_animation=&#8221;none&#8221;][vc_custom_heading text=&#8221;F:ma H\u00e5kan Cederstr\u00f6m&#8221; font_container=&#8221;tag:h2|text_align:left|color:%232baae2&#8243; use_theme_fonts=&#8221;yes&#8221;][divider line_type=&#8221;No Line&#8221; custom_height=&#8221;30&#8243;][vc_column_text]\u00d6stra Jeppov\u00e4gen 22,<br \/>\n66850 JEPPO<\/p>\n<i class=\"icon-tiny fa fa-envelope-o accent-color\"><\/i> <a href=\"mailto:info@cederstrom.fi\">info@cederstrom.fi<\/a><br \/>\n<i class=\"icon-tiny fa fa-phone accent-color\"><\/i> <a href=\"tel:+358405662220\">040 566 2220<\/a>[\/vc_column_text][divider line_type=&#8221;No Line&#8221; custom_height=&#8221;10&#8243;][vc_custom_heading text=&#8221;Med kunden i fokus&#8221; font_container=&#8221;tag:h3|text_align:left|color:%23000000&#8243; use_theme_fonts=&#8221;yes&#8221;][divider line_type=&#8221;No Line&#8221; custom_height=&#8221;30&#8243;][vc_column_text]Jonas Cederstr\u00f6m <a href=\"tel:+358405662220\">040 566 2220<\/a> | <a href=\"mailto:jonas@cederstrom.fi\">jonas@cederstrom.fi<\/a><br \/>\nSebastian Cederstr\u00f6m <a href=\"tel:+358500262220\">0500 262220<\/a> | <a href=\"mailto:sebastian@cederstrom.fi\">sebastian@cederstrom.fi<\/a>[\/vc_column_text][image_with_animation image_url=&#8221;736&#8243; alignment=&#8221;&#8221; animation=&#8221;None&#8221; border_radius=&#8221;none&#8221; box_shadow=&#8221;none&#8221; max_width=&#8221;100%&#8221;][\/vc_column_inner][vc_column_inner column_padding=&#8221;padding-2-percent&#8221; column_padding_position=&#8221;left&#8221; background_color_opacity=&#8221;1&#8243; background_hover_color_opacity=&#8221;1&#8243; column_shadow=&#8221;none&#8221; column_border_radius=&#8221;none&#8221; column_link_target=&#8221;_self&#8221; width=&#8221;1\/2&#8243; tablet_width_inherit=&#8221;default&#8221; column_border_width=&#8221;none&#8221; column_border_style=&#8221;solid&#8221; bg_image_animation=&#8221;none&#8221;][vc_column_text]<iframe loading=\"lazy\" style=\"border: 0;\" src=\"https:\/\/www.google.com\/maps\/embed?pb=!1m18!1m12!1m3!1d1786.0194650397214!2d22.645591416240386!3d63.40735458326649!2m3!1f0!2f0!3f0!3m2!1i1024!2i768!4f13.1!3m3!1m2!1s0x468773ed7c63cf4b%3A0xeb234a5f51bacd27!2sIt%C3%A4inen%20Jepuantie%2022%2C%2066850%20Uusikaarlepyy!5e0!3m2!1sfi!2sfi!4v1568803798823!5m2!1sfi!2sfi\" width=\"450\" height=\"450\" frameborder=\"0\" allowfullscreen=\"allowfullscreen\"><\/iframe>[\/vc_column_text][nectar_btn size=&#8221;large&#8221; button_style=&#8221;regular&#8221; button_color_2=&#8221;Accent-Color&#8221; icon_family=&#8221;default_arrow&#8221; url=&#8221;\/sv\/offertforfragan&#8221; text=&#8221;Skicka offertf\u00f6rfr\u00e5gan&#8221; margin_top=&#8221;20&#8243;][\/vc_column_inner][\/vc_row_inner][\/vc_column][\/vc_row]\n","protected":false},"excerpt":{"rendered":"<p>[vc_row type=&#8221;full_width_background&#8221; full_screen_row_position=&#8221;middle&#8221; bg_image=&#8221;621&#8243; bg_position=&#8221;center center&#8221; bg_repeat=&#8221;no-repeat&#8221; scene_position=&#8221;center&#8221; text_color=&#8221;dark&#8221; text_align=&#8221;center&#8221; top_padding=&#8221;10%&#8221; bottom_padding=&#8221;10%&#8221; enable_gradient=&#8221;true&#8221; color_overlay=&#8221;#000000&#8243; gradient_direction=&#8221;top_to_bottom&#8221; overlay_strength=&#8221;0.3&#8243; shape_divider_position=&#8221;bottom&#8221; bg_image_animation=&#8221;none&#8221; parallax_bg=&#8221;true&#8221; parallax_bg_speed=&#8221;fast&#8221; shape_type=&#8221;&#8221;][vc_column column_padding=&#8221;no-extra-padding&#8221; column_padding_position=&#8221;all&#8221; background_color_opacity=&#8221;1&#8243; background_hover_color_opacity=&#8221;1&#8243; column_link_target=&#8221;_self&#8221; column_shadow=&#8221;none&#8221; column_border_radius=&#8221;none&#8221; width=&#8221;1\/1&#8243; tablet_width_inherit=&#8221;default&#8221;&#8230;<\/p>\n","protected":false},"author":4,"featured_media":0,"parent":0,"menu_order":0,"comment_status":"closed","ping_status":"closed","template":"","meta":{"footnotes":""},"class_list":["post-783","page","type-page","status-publish"],"yoast_head":"<!-- This site is optimized with the Yoast SEO plugin v27.4 - https:\/\/yoast.com\/product\/yoast-seo-wordpress\/ -->\n<title>Putkiremontit ja LVI-huoltoty\u00f6 - F:ma H\u00e5kan Cederstr\u00f6m, Uusikaarlepyy<\/title>\n<meta name=\"description\" content=\"F:ma H\u00e5kan Cederstr\u00f6m, Uusikaarlepyy, Pietarsaari, Kokkola, Vaasa\" \/>\n<meta name=\"robots\" content=\"index, follow, max-snippet:-1, max-image-preview:large, max-video-preview:-1\" \/>\n<link rel=\"canonical\" href=\"https:\/\/cederstrom.fi\/sv\/kontaktuppgifter\/\" \/>\n<meta property=\"og:locale\" content=\"sv_SE\" \/>\n<meta property=\"og:type\" content=\"article\" \/>\n<meta property=\"og:title\" content=\"Putkiremontit ja LVI-huoltoty\u00f6 - F:ma H\u00e5kan Cederstr\u00f6m, Uusikaarlepyy\" \/>\n<meta property=\"og:description\" content=\"F:ma H\u00e5kan Cederstr\u00f6m, Uusikaarlepyy, Pietarsaari, Kokkola, Vaasa\" \/>\n<meta property=\"og:url\" content=\"https:\/\/cederstrom.fi\/sv\/kontaktuppgifter\/\" \/>\n<meta property=\"og:site_name\" content=\"Firma H\u00e5kan Cederstr\u00f6m LVI\" \/>\n<meta property=\"article:publisher\" content=\"https:\/\/www.facebook.com\/FmaHC\/\" \/>\n<meta property=\"article:modified_time\" content=\"2019-09-24T20:21:18+00:00\" \/>\n<meta name=\"twitter:card\" content=\"summary_large_image\" \/>\n<meta name=\"twitter:label1\" content=\"Ber\u00e4knad l\u00e4stid\" \/>\n\t<meta name=\"twitter:data1\" content=\"3 minuter\" \/>\n<script type=\"application\/ld+json\" class=\"yoast-schema-graph\">{\"@context\":\"https:\\\/\\\/schema.org\",\"@graph\":[{\"@type\":\"WebPage\",\"@id\":\"https:\\\/\\\/cederstrom.fi\\\/sv\\\/kontaktuppgifter\\\/\",\"url\":\"https:\\\/\\\/cederstrom.fi\\\/sv\\\/kontaktuppgifter\\\/\",\"name\":\"Putkiremontit ja LVI-huoltoty\u00f6 - F:ma H\u00e5kan Cederstr\u00f6m, Uusikaarlepyy\",\"isPartOf\":{\"@id\":\"https:\\\/\\\/cederstrom.fi\\\/#website\"},\"datePublished\":\"2019-03-04T14:14:30+00:00\",\"dateModified\":\"2019-09-24T20:21:18+00:00\",\"description\":\"F:ma H\u00e5kan Cederstr\u00f6m, Uusikaarlepyy, Pietarsaari, Kokkola, Vaasa\",\"breadcrumb\":{\"@id\":\"https:\\\/\\\/cederstrom.fi\\\/sv\\\/kontaktuppgifter\\\/#breadcrumb\"},\"inLanguage\":\"sv-SE\",\"potentialAction\":[{\"@type\":\"ReadAction\",\"target\":[\"https:\\\/\\\/cederstrom.fi\\\/sv\\\/kontaktuppgifter\\\/\"]}]},{\"@type\":\"BreadcrumbList\",\"@id\":\"https:\\\/\\\/cederstrom.fi\\\/sv\\\/kontaktuppgifter\\\/#breadcrumb\",\"itemListElement\":[{\"@type\":\"ListItem\",\"position\":1,\"name\":\"Home\",\"item\":\"https:\\\/\\\/cederstrom.fi\\\/sv\\\/\"},{\"@type\":\"ListItem\",\"position\":2,\"name\":\"Kontaktuppgifter\"}]},{\"@type\":\"WebSite\",\"@id\":\"https:\\\/\\\/cederstrom.fi\\\/#website\",\"url\":\"https:\\\/\\\/cederstrom.fi\\\/\",\"name\":\"Firma H\u00e5kan Cederstr\u00f6m LVI\",\"description\":\"Teemme Pohjanmaan alueella kaikki LVI-ty\u00f6t yksityis- ja yritysasiakkaille.\",\"publisher\":{\"@id\":\"https:\\\/\\\/cederstrom.fi\\\/#organization\"},\"potentialAction\":[{\"@type\":\"SearchAction\",\"target\":{\"@type\":\"EntryPoint\",\"urlTemplate\":\"https:\\\/\\\/cederstrom.fi\\\/?s={search_term_string}\"},\"query-input\":{\"@type\":\"PropertyValueSpecification\",\"valueRequired\":true,\"valueName\":\"search_term_string\"}}],\"inLanguage\":\"sv-SE\"},{\"@type\":\"Organization\",\"@id\":\"https:\\\/\\\/cederstrom.fi\\\/#organization\",\"name\":\"FIRMA H\u00c5KAN CEDERSTR\u00d6M LVI\",\"url\":\"https:\\\/\\\/cederstrom.fi\\\/\",\"logo\":{\"@type\":\"ImageObject\",\"inLanguage\":\"sv-SE\",\"@id\":\"https:\\\/\\\/cederstrom.fi\\\/#\\\/schema\\\/logo\\\/image\\\/\",\"url\":\"\",\"contentUrl\":\"\",\"caption\":\"FIRMA H\u00c5KAN CEDERSTR\u00d6M LVI\"},\"image\":{\"@id\":\"https:\\\/\\\/cederstrom.fi\\\/#\\\/schema\\\/logo\\\/image\\\/\"},\"sameAs\":[\"https:\\\/\\\/www.facebook.com\\\/FmaHC\\\/\"]}]}<\/script>\n<!-- \/ Yoast SEO plugin. -->","yoast_head_json":{"title":"Putkiremontit ja LVI-huoltoty\u00f6 - F:ma H\u00e5kan Cederstr\u00f6m, Uusikaarlepyy","description":"F:ma H\u00e5kan Cederstr\u00f6m, Uusikaarlepyy, Pietarsaari, Kokkola, Vaasa","robots":{"index":"index","follow":"follow","max-snippet":"max-snippet:-1","max-image-preview":"max-image-preview:large","max-video-preview":"max-video-preview:-1"},"canonical":"https:\/\/cederstrom.fi\/sv\/kontaktuppgifter\/","og_locale":"sv_SE","og_type":"article","og_title":"Putkiremontit ja LVI-huoltoty\u00f6 - F:ma H\u00e5kan Cederstr\u00f6m, Uusikaarlepyy","og_description":"F:ma H\u00e5kan Cederstr\u00f6m, Uusikaarlepyy, Pietarsaari, Kokkola, Vaasa","og_url":"https:\/\/cederstrom.fi\/sv\/kontaktuppgifter\/","og_site_name":"Firma H\u00e5kan Cederstr\u00f6m LVI","article_publisher":"https:\/\/www.facebook.com\/FmaHC\/","article_modified_time":"2019-09-24T20:21:18+00:00","twitter_card":"summary_large_image","twitter_misc":{"Ber\u00e4knad l\u00e4stid":"3 minuter"},"schema":{"@context":"https:\/\/schema.org","@graph":[{"@type":"WebPage","@id":"https:\/\/cederstrom.fi\/sv\/kontaktuppgifter\/","url":"https:\/\/cederstrom.fi\/sv\/kontaktuppgifter\/","name":"Putkiremontit ja LVI-huoltoty\u00f6 - F:ma H\u00e5kan Cederstr\u00f6m, Uusikaarlepyy","isPartOf":{"@id":"https:\/\/cederstrom.fi\/#website"},"datePublished":"2019-03-04T14:14:30+00:00","dateModified":"2019-09-24T20:21:18+00:00","description":"F:ma H\u00e5kan Cederstr\u00f6m, Uusikaarlepyy, Pietarsaari, Kokkola, Vaasa","breadcrumb":{"@id":"https:\/\/cederstrom.fi\/sv\/kontaktuppgifter\/#breadcrumb"},"inLanguage":"sv-SE","potentialAction":[{"@type":"ReadAction","target":["https:\/\/cederstrom.fi\/sv\/kontaktuppgifter\/"]}]},{"@type":"BreadcrumbList","@id":"https:\/\/cederstrom.fi\/sv\/kontaktuppgifter\/#breadcrumb","itemListElement":[{"@type":"ListItem","position":1,"name":"Home","item":"https:\/\/cederstrom.fi\/sv\/"},{"@type":"ListItem","position":2,"name":"Kontaktuppgifter"}]},{"@type":"WebSite","@id":"https:\/\/cederstrom.fi\/#website","url":"https:\/\/cederstrom.fi\/","name":"Firma H\u00e5kan Cederstr\u00f6m LVI","description":"Teemme Pohjanmaan alueella kaikki LVI-ty\u00f6t yksityis- ja yritysasiakkaille.","publisher":{"@id":"https:\/\/cederstrom.fi\/#organization"},"potentialAction":[{"@type":"SearchAction","target":{"@type":"EntryPoint","urlTemplate":"https:\/\/cederstrom.fi\/?s={search_term_string}"},"query-input":{"@type":"PropertyValueSpecification","valueRequired":true,"valueName":"search_term_string"}}],"inLanguage":"sv-SE"},{"@type":"Organization","@id":"https:\/\/cederstrom.fi\/#organization","name":"FIRMA H\u00c5KAN CEDERSTR\u00d6M LVI","url":"https:\/\/cederstrom.fi\/","logo":{"@type":"ImageObject","inLanguage":"sv-SE","@id":"https:\/\/cederstrom.fi\/#\/schema\/logo\/image\/","url":"","contentUrl":"","caption":"FIRMA H\u00c5KAN CEDERSTR\u00d6M LVI"},"image":{"@id":"https:\/\/cederstrom.fi\/#\/schema\/logo\/image\/"},"sameAs":["https:\/\/www.facebook.com\/FmaHC\/"]}]}},"_links":{"self":[{"href":"https:\/\/cederstrom.fi\/sv\/wp-json\/wp\/v2\/pages\/783","targetHints":{"allow":["GET"]}}],"collection":[{"href":"https:\/\/cederstrom.fi\/sv\/wp-json\/wp\/v2\/pages"}],"about":[{"href":"https:\/\/cederstrom.fi\/sv\/wp-json\/wp\/v2\/types\/page"}],"author":[{"embeddable":true,"href":"https:\/\/cederstrom.fi\/sv\/wp-json\/wp\/v2\/users\/4"}],"replies":[{"embeddable":true,"href":"https:\/\/cederstrom.fi\/sv\/wp-json\/wp\/v2\/comments?post=783"}],"version-history":[{"count":4,"href":"https:\/\/cederstrom.fi\/sv\/wp-json\/wp\/v2\/pages\/783\/revisions"}],"predecessor-version":[{"id":852,"href":"https:\/\/cederstrom.fi\/sv\/wp-json\/wp\/v2\/pages\/783\/revisions\/852"}],"wp:attachment":[{"href":"https:\/\/cederstrom.fi\/sv\/wp-json\/wp\/v2\/media?parent=783"}],"curies":[{"name":"wp","href":"https:\/\/api.w.org\/{rel}","templated":true}]}}