{"id":964,"date":"2022-09-20T13:39:27","date_gmt":"2022-09-20T10:39:27","guid":{"rendered":"https:\/\/cederstrom.fi\/?page_id=964"},"modified":"2022-09-20T14:53:35","modified_gmt":"2022-09-20T11:53:35","slug":"varmepumpa","status":"publish","type":"page","link":"https:\/\/cederstrom.fi\/sv\/varmepumpa\/","title":{"rendered":"NIBE v\u00e4rmepumpar"},"content":{"rendered":"[vc_row type=&#8221;full_width_background&#8221; full_screen_row_position=&#8221;middle&#8221; column_margin=&#8221;default&#8221; column_direction=&#8221;default&#8221; column_direction_tablet=&#8221;default&#8221; column_direction_phone=&#8221;default&#8221; bg_image=&#8221;973&#8243; bg_position=&#8221;center center&#8221; background_image_loading=&#8221;default&#8221; bg_repeat=&#8221;no-repeat&#8221; scene_position=&#8221;center&#8221; top_padding=&#8221;10%&#8221; bottom_padding=&#8221;10%&#8221; text_color=&#8221;dark&#8221; text_align=&#8221;center&#8221; row_border_radius=&#8221;none&#8221; row_border_radius_applies=&#8221;bg&#8221; overflow=&#8221;visible&#8221; enable_gradient=&#8221;true&#8221; color_overlay=&#8221;#000000&#8243; overlay_strength=&#8221;0.3&#8243; gradient_direction=&#8221;top_to_bottom&#8221; shape_divider_position=&#8221;bottom&#8221; bg_image_animation=&#8221;none&#8221; parallax_bg=&#8221;true&#8221; parallax_bg_speed=&#8221;fast&#8221; shape_type=&#8221;&#8221; gradient_type=&#8221;default&#8221;][vc_column column_padding=&#8221;no-extra-padding&#8221; column_padding_tablet=&#8221;inherit&#8221; column_padding_phone=&#8221;inherit&#8221; column_padding_position=&#8221;all&#8221; column_element_direction_desktop=&#8221;default&#8221; column_element_spacing=&#8221;default&#8221; desktop_text_alignment=&#8221;default&#8221; tablet_text_alignment=&#8221;default&#8221; phone_text_alignment=&#8221;default&#8221; background_color_opacity=&#8221;1&#8243; background_hover_color_opacity=&#8221;1&#8243; column_backdrop_filter=&#8221;none&#8221; column_shadow=&#8221;none&#8221; column_border_radius=&#8221;none&#8221; column_link_target=&#8221;_self&#8221; column_position=&#8221;default&#8221; gradient_direction=&#8221;left_to_right&#8221; overlay_strength=&#8221;0.3&#8243; width=&#8221;1\/1&#8243; tablet_width_inherit=&#8221;default&#8221; animation_type=&#8221;default&#8221; bg_image_animation=&#8221;none&#8221; border_type=&#8221;simple&#8221; column_border_width=&#8221;none&#8221; column_border_style=&#8221;solid&#8221;][vc_row_inner column_margin=&#8221;default&#8221; column_direction=&#8221;default&#8221; column_direction_tablet=&#8221;default&#8221; column_direction_phone=&#8221;default&#8221; top_padding=&#8221;1%&#8221; text_align=&#8221;left&#8221; row_position=&#8221;default&#8221; row_position_tablet=&#8221;inherit&#8221; row_position_phone=&#8221;inherit&#8221; overflow=&#8221;visible&#8221; pointer_events=&#8221;all&#8221;][vc_column_inner column_padding=&#8221;padding-5-percent&#8221; column_padding_tablet=&#8221;inherit&#8221; column_padding_phone=&#8221;inherit&#8221; column_padding_position=&#8221;all&#8221; column_element_direction_desktop=&#8221;default&#8221; column_element_spacing=&#8221;default&#8221; desktop_text_alignment=&#8221;default&#8221; tablet_text_alignment=&#8221;default&#8221; phone_text_alignment=&#8221;default&#8221; background_color=&#8221;#000000&#8243; background_color_opacity=&#8221;0.3&#8243; background_hover_color_opacity=&#8221;1&#8243; column_backdrop_filter=&#8221;none&#8221; column_shadow=&#8221;none&#8221; column_border_radius=&#8221;none&#8221; column_link_target=&#8221;_self&#8221; overflow=&#8221;visible&#8221; gradient_direction=&#8221;left_to_right&#8221; overlay_strength=&#8221;0.3&#8243; width=&#8221;1\/1&#8243; tablet_width_inherit=&#8221;default&#8221; animation_type=&#8221;default&#8221; bg_image_animation=&#8221;none&#8221; border_type=&#8221;simple&#8221; column_border_width=&#8221;none&#8221; column_border_style=&#8221;solid&#8221;][vc_custom_heading text=&#8221;H\u00e5llbar och f\u00f6rm\u00e5nlig v\u00e4rme och kylning med NIBE-v\u00e4rmepumpar.<br \/>\nF\u00f6rs\u00e4ljning och installation, F:ma H\u00e5kan Cederstr\u00f6m, Nykarleby&#8221; font_container=&#8221;tag:h1|text_align:center|color:%23ffffff&#8221; use_theme_fonts=&#8221;yes&#8221;][\/vc_column_inner][\/vc_row_inner][\/vc_column][\/vc_row][vc_row type=&#8221;in_container&#8221; full_screen_row_position=&#8221;middle&#8221; column_margin=&#8221;default&#8221; column_direction=&#8221;default&#8221; column_direction_tablet=&#8221;default&#8221; column_direction_phone=&#8221;default&#8221; scene_position=&#8221;center&#8221; bottom_padding=&#8221;2%&#8221; text_color=&#8221;dark&#8221; text_align=&#8221;left&#8221; row_border_radius=&#8221;none&#8221; row_border_radius_applies=&#8221;bg&#8221; overflow=&#8221;visible&#8221; overlay_strength=&#8221;0.3&#8243; gradient_direction=&#8221;left_to_right&#8221; shape_divider_position=&#8221;bottom&#8221; bg_image_animation=&#8221;none&#8221; shape_type=&#8221;&#8221;][vc_column column_padding=&#8221;padding-8-percent&#8221; column_padding_tablet=&#8221;inherit&#8221; column_padding_phone=&#8221;inherit&#8221; column_padding_position=&#8221;all&#8221; top_margin=&#8221;-6%&#8221; column_element_direction_desktop=&#8221;default&#8221; column_element_spacing=&#8221;default&#8221; desktop_text_alignment=&#8221;default&#8221; tablet_text_alignment=&#8221;default&#8221; phone_text_alignment=&#8221;default&#8221; background_color=&#8221;#ffffff&#8221; background_color_opacity=&#8221;1&#8243; background_hover_color_opacity=&#8221;1&#8243; column_backdrop_filter=&#8221;none&#8221; column_shadow=&#8221;small_depth&#8221; column_border_radius=&#8221;none&#8221; column_link_target=&#8221;_self&#8221; column_position=&#8221;default&#8221; gradient_direction=&#8221;left_to_right&#8221; overlay_strength=&#8221;0.3&#8243; width=&#8221;1\/1&#8243; tablet_width_inherit=&#8221;default&#8221; animation_type=&#8221;default&#8221; bg_image_animation=&#8221;none&#8221; border_type=&#8221;simple&#8221; column_border_width=&#8221;none&#8221; column_border_style=&#8221;solid&#8221;][vc_row_inner equal_height=&#8221;yes&#8221; column_margin=&#8221;default&#8221; column_direction=&#8221;default&#8221; column_direction_tablet=&#8221;default&#8221; column_direction_phone=&#8221;default&#8221; text_align=&#8221;left&#8221; row_position=&#8221;default&#8221; row_position_tablet=&#8221;inherit&#8221; row_position_phone=&#8221;inherit&#8221; overflow=&#8221;visible&#8221; pointer_events=&#8221;all&#8221;][vc_column_inner column_padding=&#8221;padding-2-percent&#8221; column_padding_tablet=&#8221;inherit&#8221; column_padding_phone=&#8221;inherit&#8221; column_padding_position=&#8221;right&#8221; column_element_direction_desktop=&#8221;default&#8221; column_element_spacing=&#8221;default&#8221; desktop_text_alignment=&#8221;default&#8221; tablet_text_alignment=&#8221;default&#8221; phone_text_alignment=&#8221;default&#8221; background_color_opacity=&#8221;1&#8243; background_hover_color_opacity=&#8221;1&#8243; column_backdrop_filter=&#8221;none&#8221; column_shadow=&#8221;none&#8221; column_border_radius=&#8221;none&#8221; column_link_target=&#8221;_self&#8221; overflow=&#8221;visible&#8221; gradient_direction=&#8221;left_to_right&#8221; overlay_strength=&#8221;0.3&#8243; width=&#8221;1\/2&#8243; tablet_width_inherit=&#8221;default&#8221; animation_type=&#8221;default&#8221; bg_image_animation=&#8221;none&#8221; border_type=&#8221;simple&#8221; column_border_width=&#8221;none&#8221; column_border_style=&#8221;solid&#8221;][vc_custom_heading text=&#8221;NIBE v\u00e4rmepumpar&#8221; font_container=&#8221;tag:h2|text_align:left|color:%232baae2&#8243; use_theme_fonts=&#8221;yes&#8221;][divider line_type=&#8221;No Line&#8221; custom_height=&#8221;30&#8243;][vc_column_text]\n<p class=\"Standard\"><span lang=\"SV-FI\">NIBE:s v\u00e4rmepumpar \u00e4r f\u00f6rstahandsval f\u00f6r b\u00e5de den som bygger nytt och vid sanering av v\u00e4rmesystem. Vi s\u00e4ljer och installerar NIBE:s v\u00e4rmepumpar i hela \u00d6sterbotten.<\/span><\/p>\n<p class=\"Standard\"><span lang=\"SV-FI\">Vi hj\u00e4lper till att hitta den r\u00e4tta pumpen f\u00f6r just dig. Ni f\u00e5r fullst\u00e4ndig v\u00e4gledning f\u00f6r ett lyckat v\u00e4rmepumpsval!<\/span><\/p>\n[\/vc_column_text][vc_custom_heading text=&#8221;Bergsv\u00e4rmepump&#8221; font_container=&#8221;tag:h2|text_align:left|color:%232baae2&#8243; use_theme_fonts=&#8221;yes&#8221;][divider line_type=&#8221;No Line&#8221; custom_height=&#8221;30&#8243;][vc_column_text]\n<p class=\"Standard\"><span lang=\"SV-FI\">Bergsv\u00e4rme \u00e4r ett tryggt val f\u00f6r b\u00e5de nybyggen och vid byte av av v\u00e4rmesystem. Med en pump fr\u00e5n NIBE kan man ta till vara energi ur berg, jord eller vattendrag. V\u00e4rmen r\u00e4cker v\u00e4l till under \u00e5rets alla \u00e5rstider.<\/span><\/p>\n<p class=\"Standard\"><span lang=\"SV-FI\">\u00a0<\/span><span lang=\"SV-FI\"><a href=\"https:\/\/www.nibe.eu\/fi\/fi\/tuotteet\/maalampopumput\">L\u00e4s mer om v\u00e4rmepumparna h\u00e4r&gt;&gt;<\/a><\/span><\/p>\n[\/vc_column_text][nectar_btn size=&#8221;large&#8221; button_style=&#8221;regular&#8221; button_color_2=&#8221;Accent-Color&#8221; icon_family=&#8221;default_arrow&#8221; url=&#8221;\/sv\/offertforfragan&#8221; text=&#8221;Ta kontakt&#8221; margin_top=&#8221;30&#8243;][\/vc_column_inner][vc_column_inner column_padding=&#8221;padding-2-percent&#8221; column_padding_tablet=&#8221;inherit&#8221; column_padding_phone=&#8221;inherit&#8221; column_padding_position=&#8221;left&#8221; column_element_direction_desktop=&#8221;default&#8221; column_element_spacing=&#8221;default&#8221; desktop_text_alignment=&#8221;default&#8221; tablet_text_alignment=&#8221;default&#8221; phone_text_alignment=&#8221;default&#8221; background_color_opacity=&#8221;1&#8243; background_hover_color_opacity=&#8221;1&#8243; column_backdrop_filter=&#8221;none&#8221; column_shadow=&#8221;none&#8221; column_border_radius=&#8221;none&#8221; column_link_target=&#8221;_self&#8221; overflow=&#8221;visible&#8221; gradient_direction=&#8221;left_to_right&#8221; overlay_strength=&#8221;0.3&#8243; width=&#8221;1\/2&#8243; tablet_width_inherit=&#8221;default&#8221; animation_type=&#8221;default&#8221; bg_image_animation=&#8221;none&#8221; border_type=&#8221;simple&#8221; column_border_width=&#8221;none&#8221; column_border_style=&#8221;solid&#8221;][vc_custom_heading text=&#8221;Luftvattenv\u00e4rmepump&#8221; font_container=&#8221;tag:h2|text_align:left|color:%232baae2&#8243; use_theme_fonts=&#8221;yes&#8221;][divider line_type=&#8221;No Line&#8221; custom_height=&#8221;30&#8243;][vc_column_text]\n<p class=\"Standard\"><span lang=\"SV-FI\">Bergsv\u00e4rme \u00e4r ett tryggt val f\u00f6r b\u00e5de nybyggen och vid byte av av v\u00e4rmesystem. Med en pump fr\u00e5n NIBE kan man ta till vara energi ur berg, jord eller vattendrag. V\u00e4rmen r\u00e4cker v\u00e4l till under \u00e5rets alla \u00e5rstider.<\/span><\/p>\n<p class=\"Standard\"><span lang=\"SV-FI\">\u00a0<\/span><span lang=\"SV-FI\"><a href=\"https:\/\/www.nibe.eu\/fi\/fi\/tuotteet\/maalampopumput\">L\u00e4s mer om v\u00e4rmepumparna h\u00e4r&gt;&gt;<\/a><\/span><\/p>\n[\/vc_column_text][divider line_type=&#8221;No Line&#8221; custom_height=&#8221;30&#8243;][vc_custom_heading text=&#8221;Fr\u00e5nluftsv\u00e4rmepump&#8221; font_container=&#8221;tag:h2|text_align:left|color:%232baae2&#8243; use_theme_fonts=&#8221;yes&#8221;][divider line_type=&#8221;No Line&#8221; custom_height=&#8221;30&#8243;][vc_column_text]Fr\u00e5nluftsv\u00e4rmepump tar till vara v\u00e4rme ur husets alla rum och v\u00e4rmer huset igen utan att sl\u00f6sa med v\u00e4rme-energi. I samma process renar fr\u00e5nluftsv\u00e4rmepumpen inomhusluften samt producerar varmvatten.<\/p>\n<p>Fr\u00e5nluftv\u00e4rmepumpen l\u00e4mpar sig f\u00f6r utrymmen upptill max. 200 m2. I hus med direktverkande eluppv\u00e4rmning kan besparingar g\u00f6ras med bruksvattenv\u00e4rmepump. Bruksvattenv\u00e4rmepump tar till vara energi ur husets fr\u00e5nluft och v\u00e4rmer bruksvattenet i dess 260 liter stora beredare.<\/p>\n<p><a href=\"https:\/\/www.nibe.eu\/fi\/fi\/tuotteet\/poistoilmalampopumput\">L\u00e4s mer om fr\u00e5n luftsv\u00e4rmepumpar h\u00e4r&gt;&gt;<\/a>[\/vc_column_text][\/vc_column_inner][\/vc_row_inner][\/vc_column][\/vc_row][vc_row type=&#8221;in_container&#8221; full_screen_row_position=&#8221;middle&#8221; column_margin=&#8221;default&#8221; column_direction=&#8221;default&#8221; column_direction_tablet=&#8221;default&#8221; column_direction_phone=&#8221;default&#8221; scene_position=&#8221;center&#8221; text_color=&#8221;dark&#8221; text_align=&#8221;left&#8221; row_border_radius=&#8221;none&#8221; row_border_radius_applies=&#8221;bg&#8221; overflow=&#8221;visible&#8221; overlay_strength=&#8221;0.3&#8243; gradient_direction=&#8221;left_to_right&#8221; shape_divider_position=&#8221;bottom&#8221; bg_image_animation=&#8221;none&#8221;][vc_column column_padding=&#8221;no-extra-padding&#8221; column_padding_tablet=&#8221;inherit&#8221; column_padding_phone=&#8221;inherit&#8221; column_padding_position=&#8221;all&#8221; column_element_direction_desktop=&#8221;default&#8221; column_element_spacing=&#8221;default&#8221; desktop_text_alignment=&#8221;default&#8221; tablet_text_alignment=&#8221;default&#8221; phone_text_alignment=&#8221;default&#8221; background_color_opacity=&#8221;1&#8243; background_hover_color_opacity=&#8221;1&#8243; column_backdrop_filter=&#8221;none&#8221; column_shadow=&#8221;none&#8221; column_border_radius=&#8221;none&#8221; column_link_target=&#8221;_self&#8221; column_position=&#8221;default&#8221; gradient_direction=&#8221;left_to_right&#8221; overlay_strength=&#8221;0.3&#8243; width=&#8221;1\/1&#8243; tablet_width_inherit=&#8221;default&#8221; animation_type=&#8221;default&#8221; bg_image_animation=&#8221;none&#8221; border_type=&#8221;simple&#8221; column_border_width=&#8221;none&#8221; column_border_style=&#8221;solid&#8221;][image_with_animation image_url=&#8221;965&#8243; image_size=&#8221;full&#8221; animation_type=&#8221;entrance&#8221; animation=&#8221;None&#8221; animation_movement_type=&#8221;transform_y&#8221; hover_animation=&#8221;none&#8221; alignment=&#8221;&#8221; border_radius=&#8221;none&#8221; box_shadow=&#8221;none&#8221; image_loading=&#8221;default&#8221; max_width=&#8221;100%&#8221; max_width_mobile=&#8221;default&#8221;][\/vc_column][\/vc_row]\n","protected":false},"excerpt":{"rendered":"<p>[vc_row type=&#8221;full_width_background&#8221; full_screen_row_position=&#8221;middle&#8221; column_margin=&#8221;default&#8221; column_direction=&#8221;default&#8221; column_direction_tablet=&#8221;default&#8221; column_direction_phone=&#8221;default&#8221; bg_image=&#8221;973&#8243; bg_position=&#8221;center center&#8221; background_image_loading=&#8221;default&#8221; bg_repeat=&#8221;no-repeat&#8221; scene_position=&#8221;center&#8221; top_padding=&#8221;10%&#8221; bottom_padding=&#8221;10%&#8221; text_color=&#8221;dark&#8221; text_align=&#8221;center&#8221; row_border_radius=&#8221;none&#8221; row_border_radius_applies=&#8221;bg&#8221; overflow=&#8221;visible&#8221; enable_gradient=&#8221;true&#8221; color_overlay=&#8221;#000000&#8243; overlay_strength=&#8221;0.3&#8243; gradient_direction=&#8221;top_to_bottom&#8221; shape_divider_position=&#8221;bottom&#8221; bg_image_animation=&#8221;none&#8221; parallax_bg=&#8221;true&#8221; parallax_bg_speed=&#8221;fast&#8221; shape_type=&#8221;&#8221; gradient_type=&#8221;default&#8221;][vc_column&#8230;<\/p>\n","protected":false},"author":4,"featured_media":0,"parent":0,"menu_order":0,"comment_status":"closed","ping_status":"closed","template":"","meta":{"footnotes":""},"class_list":["post-964","page","type-page","status-publish"],"yoast_head":"<!-- This site is optimized with the Yoast SEO plugin v27.1.1 - https:\/\/yoast.com\/product\/yoast-seo-wordpress\/ -->\n<title>Nibe v\u00e4rmepumpar | VVS LVI Sederst\u00f6m, Nykarleby<\/title>\n<meta name=\"description\" content=\"F\u00f6rm\u00e5nlig v\u00e4rme med NIBE-v\u00e4rmepumpar.F\u00f6rs\u00e4ljning och installation, F:ma H\u00e5kan Cederstr\u00f6m, Nykarleby. Kontakta oss.\" \/>\n<meta name=\"robots\" content=\"index, follow, max-snippet:-1, max-image-preview:large, max-video-preview:-1\" \/>\n<link rel=\"canonical\" href=\"https:\/\/cederstrom.fi\/sv\/varmepumpa\/\" \/>\n<meta property=\"og:locale\" content=\"sv_SE\" \/>\n<meta property=\"og:type\" content=\"article\" \/>\n<meta property=\"og:title\" content=\"Nibe v\u00e4rmepumpar | VVS LVI Sederst\u00f6m, Nykarleby\" \/>\n<meta property=\"og:description\" content=\"F\u00f6rm\u00e5nlig v\u00e4rme med NIBE-v\u00e4rmepumpar.F\u00f6rs\u00e4ljning och installation, F:ma H\u00e5kan Cederstr\u00f6m, Nykarleby. Kontakta oss.\" \/>\n<meta property=\"og:url\" content=\"https:\/\/cederstrom.fi\/sv\/varmepumpa\/\" \/>\n<meta property=\"og:site_name\" content=\"Firma H\u00e5kan Cederstr\u00f6m LVI\" \/>\n<meta property=\"article:publisher\" content=\"https:\/\/www.facebook.com\/FmaHC\/\" \/>\n<meta property=\"article:modified_time\" content=\"2022-09-20T11:53:35+00:00\" \/>\n<meta name=\"twitter:card\" content=\"summary_large_image\" \/>\n<meta name=\"twitter:label1\" content=\"Ber\u00e4knad l\u00e4stid\" \/>\n\t<meta name=\"twitter:data1\" content=\"4 minuter\" \/>\n<script type=\"application\/ld+json\" class=\"yoast-schema-graph\">{\"@context\":\"https:\/\/schema.org\",\"@graph\":[{\"@type\":\"WebPage\",\"@id\":\"https:\/\/cederstrom.fi\/sv\/varmepumpa\/\",\"url\":\"https:\/\/cederstrom.fi\/sv\/varmepumpa\/\",\"name\":\"Nibe v\u00e4rmepumpar | VVS LVI Sederst\u00f6m, Nykarleby\",\"isPartOf\":{\"@id\":\"https:\/\/cederstrom.fi\/#website\"},\"datePublished\":\"2022-09-20T10:39:27+00:00\",\"dateModified\":\"2022-09-20T11:53:35+00:00\",\"description\":\"F\u00f6rm\u00e5nlig v\u00e4rme med NIBE-v\u00e4rmepumpar.F\u00f6rs\u00e4ljning och installation, F:ma H\u00e5kan Cederstr\u00f6m, Nykarleby. Kontakta oss.\",\"breadcrumb\":{\"@id\":\"https:\/\/cederstrom.fi\/sv\/varmepumpa\/#breadcrumb\"},\"inLanguage\":\"sv-SE\",\"potentialAction\":[{\"@type\":\"ReadAction\",\"target\":[\"https:\/\/cederstrom.fi\/sv\/varmepumpa\/\"]}]},{\"@type\":\"BreadcrumbList\",\"@id\":\"https:\/\/cederstrom.fi\/sv\/varmepumpa\/#breadcrumb\",\"itemListElement\":[{\"@type\":\"ListItem\",\"position\":1,\"name\":\"Home\",\"item\":\"https:\/\/cederstrom.fi\/sv\/\"},{\"@type\":\"ListItem\",\"position\":2,\"name\":\"NIBE v\u00e4rmepumpar\"}]},{\"@type\":\"WebSite\",\"@id\":\"https:\/\/cederstrom.fi\/#website\",\"url\":\"https:\/\/cederstrom.fi\/\",\"name\":\"Firma H\u00e5kan Cederstr\u00f6m LVI\",\"description\":\"Teemme Pohjanmaan alueella kaikki LVI-ty\u00f6t yksityis- ja yritysasiakkaille.\",\"publisher\":{\"@id\":\"https:\/\/cederstrom.fi\/#organization\"},\"potentialAction\":[{\"@type\":\"SearchAction\",\"target\":{\"@type\":\"EntryPoint\",\"urlTemplate\":\"https:\/\/cederstrom.fi\/?s={search_term_string}\"},\"query-input\":{\"@type\":\"PropertyValueSpecification\",\"valueRequired\":true,\"valueName\":\"search_term_string\"}}],\"inLanguage\":\"sv-SE\"},{\"@type\":\"Organization\",\"@id\":\"https:\/\/cederstrom.fi\/#organization\",\"name\":\"FIRMA H\u00c5KAN CEDERSTR\u00d6M LVI\",\"url\":\"https:\/\/cederstrom.fi\/\",\"logo\":{\"@type\":\"ImageObject\",\"inLanguage\":\"sv-SE\",\"@id\":\"https:\/\/cederstrom.fi\/#\/schema\/logo\/image\/\",\"url\":\"\",\"contentUrl\":\"\",\"caption\":\"FIRMA H\u00c5KAN CEDERSTR\u00d6M LVI\"},\"image\":{\"@id\":\"https:\/\/cederstrom.fi\/#\/schema\/logo\/image\/\"},\"sameAs\":[\"https:\/\/www.facebook.com\/FmaHC\/\"]}]}<\/script>\n<!-- \/ Yoast SEO plugin. -->","yoast_head_json":{"title":"Nibe v\u00e4rmepumpar | VVS LVI Sederst\u00f6m, Nykarleby","description":"F\u00f6rm\u00e5nlig v\u00e4rme med NIBE-v\u00e4rmepumpar.F\u00f6rs\u00e4ljning och installation, F:ma H\u00e5kan Cederstr\u00f6m, Nykarleby. Kontakta oss.","robots":{"index":"index","follow":"follow","max-snippet":"max-snippet:-1","max-image-preview":"max-image-preview:large","max-video-preview":"max-video-preview:-1"},"canonical":"https:\/\/cederstrom.fi\/sv\/varmepumpa\/","og_locale":"sv_SE","og_type":"article","og_title":"Nibe v\u00e4rmepumpar | VVS LVI Sederst\u00f6m, Nykarleby","og_description":"F\u00f6rm\u00e5nlig v\u00e4rme med NIBE-v\u00e4rmepumpar.F\u00f6rs\u00e4ljning och installation, F:ma H\u00e5kan Cederstr\u00f6m, Nykarleby. Kontakta oss.","og_url":"https:\/\/cederstrom.fi\/sv\/varmepumpa\/","og_site_name":"Firma H\u00e5kan Cederstr\u00f6m LVI","article_publisher":"https:\/\/www.facebook.com\/FmaHC\/","article_modified_time":"2022-09-20T11:53:35+00:00","twitter_card":"summary_large_image","twitter_misc":{"Ber\u00e4knad l\u00e4stid":"4 minuter"},"schema":{"@context":"https:\/\/schema.org","@graph":[{"@type":"WebPage","@id":"https:\/\/cederstrom.fi\/sv\/varmepumpa\/","url":"https:\/\/cederstrom.fi\/sv\/varmepumpa\/","name":"Nibe v\u00e4rmepumpar | VVS LVI Sederst\u00f6m, Nykarleby","isPartOf":{"@id":"https:\/\/cederstrom.fi\/#website"},"datePublished":"2022-09-20T10:39:27+00:00","dateModified":"2022-09-20T11:53:35+00:00","description":"F\u00f6rm\u00e5nlig v\u00e4rme med NIBE-v\u00e4rmepumpar.F\u00f6rs\u00e4ljning och installation, F:ma H\u00e5kan Cederstr\u00f6m, Nykarleby. Kontakta oss.","breadcrumb":{"@id":"https:\/\/cederstrom.fi\/sv\/varmepumpa\/#breadcrumb"},"inLanguage":"sv-SE","potentialAction":[{"@type":"ReadAction","target":["https:\/\/cederstrom.fi\/sv\/varmepumpa\/"]}]},{"@type":"BreadcrumbList","@id":"https:\/\/cederstrom.fi\/sv\/varmepumpa\/#breadcrumb","itemListElement":[{"@type":"ListItem","position":1,"name":"Home","item":"https:\/\/cederstrom.fi\/sv\/"},{"@type":"ListItem","position":2,"name":"NIBE v\u00e4rmepumpar"}]},{"@type":"WebSite","@id":"https:\/\/cederstrom.fi\/#website","url":"https:\/\/cederstrom.fi\/","name":"Firma H\u00e5kan Cederstr\u00f6m LVI","description":"Teemme Pohjanmaan alueella kaikki LVI-ty\u00f6t yksityis- ja yritysasiakkaille.","publisher":{"@id":"https:\/\/cederstrom.fi\/#organization"},"potentialAction":[{"@type":"SearchAction","target":{"@type":"EntryPoint","urlTemplate":"https:\/\/cederstrom.fi\/?s={search_term_string}"},"query-input":{"@type":"PropertyValueSpecification","valueRequired":true,"valueName":"search_term_string"}}],"inLanguage":"sv-SE"},{"@type":"Organization","@id":"https:\/\/cederstrom.fi\/#organization","name":"FIRMA H\u00c5KAN CEDERSTR\u00d6M LVI","url":"https:\/\/cederstrom.fi\/","logo":{"@type":"ImageObject","inLanguage":"sv-SE","@id":"https:\/\/cederstrom.fi\/#\/schema\/logo\/image\/","url":"","contentUrl":"","caption":"FIRMA H\u00c5KAN CEDERSTR\u00d6M LVI"},"image":{"@id":"https:\/\/cederstrom.fi\/#\/schema\/logo\/image\/"},"sameAs":["https:\/\/www.facebook.com\/FmaHC\/"]}]}},"_links":{"self":[{"href":"https:\/\/cederstrom.fi\/sv\/wp-json\/wp\/v2\/pages\/964","targetHints":{"allow":["GET"]}}],"collection":[{"href":"https:\/\/cederstrom.fi\/sv\/wp-json\/wp\/v2\/pages"}],"about":[{"href":"https:\/\/cederstrom.fi\/sv\/wp-json\/wp\/v2\/types\/page"}],"author":[{"embeddable":true,"href":"https:\/\/cederstrom.fi\/sv\/wp-json\/wp\/v2\/users\/4"}],"replies":[{"embeddable":true,"href":"https:\/\/cederstrom.fi\/sv\/wp-json\/wp\/v2\/comments?post=964"}],"version-history":[{"count":2,"href":"https:\/\/cederstrom.fi\/sv\/wp-json\/wp\/v2\/pages\/964\/revisions"}],"predecessor-version":[{"id":1024,"href":"https:\/\/cederstrom.fi\/sv\/wp-json\/wp\/v2\/pages\/964\/revisions\/1024"}],"wp:attachment":[{"href":"https:\/\/cederstrom.fi\/sv\/wp-json\/wp\/v2\/media?parent=964"}],"curies":[{"name":"wp","href":"https:\/\/api.w.org\/{rel}","templated":true}]}}